{"id":82,"date":"2019-09-10T22:33:25","date_gmt":"2019-09-10T22:33:25","guid":{"rendered":"https:\/\/www.kkdikturkey.com\/?page_id=82"},"modified":"2025-02-15T14:33:36","modified_gmt":"2025-02-15T14:33:36","slug":"kkdikt-reach","status":"publish","type":"page","link":"https:\/\/www.kkdikturkey.com\/index.php\/kkdikt-reach\/","title":{"rendered":"KKDIK(T-REACH)"},"content":{"rendered":"\n<p><a href=\"https:\/\/www.kkdikturkey.com\/index.php\/kkdik-t-reach\/\">KKDIK(T-REACH) <\/a>is a regulation of Republic of Turkey, adopted from REACH-EU to improve the protection of human health and the environment from the risks that can be posed by chemicals, while enhancing the competitiveness of Turkish chemicals industry. It also promotes alternative methods for the hazard assessment of substances in order to reduce the number of tests on animals. <\/p>\n\n\n\n<p>In principle, <a href=\"https:\/\/www.kkdikturkey.com\/index.php\/kkdik-turkey\/\"> <\/a><a href=\"https:\/\/www.dgroute.com\/en\/iletisim.html\">KKDIK(T-REACH)<\/a> applies to all chemical substances; not only those used in industrial processes but also in our day-to-day lives, for example in cleaning products, paints as well as in articles such as clothes, furniture and electrical appliances. Therefore, the regulation has an impact on most companies across Turkey.  <\/p>\n\n\n\n<p>KKDIK(T-REACH) places the burden of proof on companies. To comply with the regulation, companies must identify and manage the risks linked to the substances they manufacture and market in Turkey. They have to demonstrate to MoEU how the substance can be safely used, and they must communicate the risk management measures to the users. If the risks cannot be managed, authorities can restrict the use of substances in different ways. In the long run, the most hazardous substances should be substituted with less dangerous ones.  KKDIK(T-REACH) stands for Registration, Evaluation, Authorisation and Restriction of Chemicals. It entered into force on 23 June 2017.<\/p>\n\n\n\n<h2 class=\"wp-block-heading\"><strong>How does KKDIK work?<\/strong> <\/h2>\n\n\n\n<p>KKDIK(T-REACH) establishes procedures for collecting and assessing information on the properties and hazards of substances. Companies need to register their substances and to do this they need to work together with other companies who are registering the same substance. MoEU will receive and evaluate individual registrations for their compliance and evaluate selected substances to clarify initial concerns for human health or for the environment between 1 January 2021-31 December 2023. Turkey MoEU&#8217;s scientific committees assess whether the risks of substances can be managed. Authorities can ban hazardous substances if their risks are unmanageable. They can also decide to restrict a use or make it subject to a prior authorisation.<\/p>\n\n\n\n<h2 class=\"wp-block-heading\"><strong>KKDIK&#8217;s effect on companies<\/strong> <\/h2>\n\n\n\n<p>KKDIK(T-REACH) impacts on a wide range of companies across many sectors, even those who may not think of themselves as being involved with chemicals. In general, under  KKDIK(T-REACH) you may have one of these roles:<\/p>\n\n\n\n<p><strong>Manufacturer: <\/strong>If you make chemicals, either to use yourself or to supply to other people (even if it is for export), then you will probably have some important responsibilities under  KKDIK(T-REACH) .<br><\/p>\n\n\n\n<p><strong>Importer: <\/strong>If you buy anything from outside Turkey, you are likely to have some responsibilities under  KKDIK(T-REACH) . It may be individual chemicals, mixtures for onwards sale or finished products, like clothes, furniture or plastic goods.<br><\/p>\n\n\n\n<p><strong>Downstream users: <\/strong>Most companies use chemicals, sometimes even without realising it, therefore you need to check your obligations if you handle any chemicals in your industrial or professional activity. You might have some responsibilities under  KKDIK(T-REACH).<br><\/p>\n\n\n\n<p>Companies established outside Turkey: If you are a company established outside Turkey, you are not bound by the obligations of  KKDIK(T-REACH) , even if you export their products into the customs territory of Turkey. The responsibility for fulfilling the requirements of KKD\u0130K, such as registration lies with the importers established in Turkey, or with the only representative of a non-Turkish manufacturer established in Turkey. <\/p>\n\n\n<div class=\"wp-block-image\">\n<figure class=\"aligncenter size-large\"><a href=\"https:\/\/www.dgroute.com\/en\/kkdik.html\"><img loading=\"lazy\" decoding=\"async\" width=\"334\" height=\"137\" src=\"https:\/\/www.kkdikturkey.com\/wp-content\/uploads\/2020\/04\/kkdik-logo.png\" alt=\"Turkish REACH Regulation\" class=\"wp-image-142\" srcset=\"https:\/\/www.kkdikturkey.com\/wp-content\/uploads\/2020\/04\/kkdik-logo.png 334w, https:\/\/www.kkdikturkey.com\/wp-content\/uploads\/2020\/04\/kkdik-logo-300x123.png 300w\" sizes=\"(max-width: 334px) 100vw, 334px\" \/><\/a><\/figure><\/div>\n\n\n<p><a href=\"https:\/\/www.dgroute.com\/en\/iletisim.html\">Do not hesitate to contact us for comprehensive information and offer about Only Representative Turkey and Turkish REACH Regulations. <\/a><\/p>\n","protected":false},"excerpt":{"rendered":"<p>KKDIK(T-REACH) is a regulation of Republic of Turkey, adopted from REACH-EU to improve the protection of human health and the environment from the risks that can be posed by chemicals, while enhancing the competitiveness of Turkish chemicals industry. It also promotes alternative methods for the hazard assessment of substances in order to reduce the number [&hellip;]<\/p>\n","protected":false},"author":1,"featured_media":0,"parent":0,"menu_order":0,"comment_status":"closed","ping_status":"closed","template":"attachment.php","meta":{"_mi_skip_tracking":false,"_monsterinsights_sitenote_active":false,"_monsterinsights_sitenote_note":"","_monsterinsights_sitenote_category":0,"footnotes":""},"yoast_head":"<!-- This site is optimized with the Yoast SEO plugin v21.5 - https:\/\/yoast.com\/wordpress\/plugins\/seo\/ -->\n<title>KKDIK(T-REACH) regulatory compliance and only representative services<\/title>\n<meta name=\"description\" content=\"KKDIK(T-REACH) (Turkish REACH)\u00a0was published by the Turkey&#039;s Ministry of Environment and Urbanization on June 23, 2017 in the Official Gazette No. 30105.\" \/>\n<meta name=\"robots\" content=\"index, follow, max-snippet:-1, max-image-preview:large, max-video-preview:-1\" \/>\n<link rel=\"canonical\" href=\"https:\/\/www.kkdikturkey.com\/index.php\/kkdikt-reach\/\" \/>\n<meta property=\"og:locale\" content=\"tr_TR\" \/>\n<meta property=\"og:type\" content=\"article\" \/>\n<meta property=\"og:title\" content=\"KKDIK(T-REACH) regulatory compliance and only representative services\" \/>\n<meta property=\"og:description\" content=\"KKDIK(T-REACH) (Turkish REACH)\u00a0was published by the Turkey&#039;s Ministry of Environment and Urbanization on June 23, 2017 in the Official Gazette No. 30105.\" \/>\n<meta property=\"og:url\" content=\"https:\/\/www.kkdikturkey.com\/index.php\/kkdikt-reach\/\" \/>\n<meta property=\"og:site_name\" content=\"TURKISH REACH - KKDIK\" \/>\n<meta property=\"article:modified_time\" content=\"2025-02-15T14:33:36+00:00\" \/>\n<meta property=\"og:image\" content=\"https:\/\/www.kkdikturkey.com\/wp-content\/uploads\/2020\/04\/kkdik-logo.png\" \/>\n<meta name=\"twitter:card\" content=\"summary_large_image\" \/>\n<meta name=\"twitter:label1\" content=\"Tahmini okuma s\u00fcresi\" \/>\n\t<meta name=\"twitter:data1\" content=\"4 dakika\" \/>\n<script type=\"application\/ld+json\" class=\"yoast-schema-graph\">{\"@context\":\"https:\/\/schema.org\",\"@graph\":[{\"@type\":\"WebPage\",\"@id\":\"https:\/\/www.kkdikturkey.com\/index.php\/kkdikt-reach\/\",\"url\":\"https:\/\/www.kkdikturkey.com\/index.php\/kkdikt-reach\/\",\"name\":\"KKDIK(T-REACH) regulatory compliance and only representative services\",\"isPartOf\":{\"@id\":\"https:\/\/www.kkdikturkey.com\/#website\"},\"datePublished\":\"2019-09-10T22:33:25+00:00\",\"dateModified\":\"2025-02-15T14:33:36+00:00\",\"description\":\"KKDIK(T-REACH) (Turkish REACH)\u00a0was published by the Turkey's Ministry of Environment and Urbanization on June 23, 2017 in the Official Gazette No. 30105.\",\"breadcrumb\":{\"@id\":\"https:\/\/www.kkdikturkey.com\/index.php\/kkdikt-reach\/#breadcrumb\"},\"inLanguage\":\"tr\",\"potentialAction\":[{\"@type\":\"ReadAction\",\"target\":[\"https:\/\/www.kkdikturkey.com\/index.php\/kkdikt-reach\/\"]}]},{\"@type\":\"BreadcrumbList\",\"@id\":\"https:\/\/www.kkdikturkey.com\/index.php\/kkdikt-reach\/#breadcrumb\",\"itemListElement\":[{\"@type\":\"ListItem\",\"position\":1,\"name\":\"Ana sayfa\",\"item\":\"https:\/\/www.kkdikturkey.com\/\"},{\"@type\":\"ListItem\",\"position\":2,\"name\":\"KKDIK(T-REACH)\"}]},{\"@type\":\"WebSite\",\"@id\":\"https:\/\/www.kkdikturkey.com\/#website\",\"url\":\"https:\/\/www.kkdikturkey.com\/\",\"name\":\"TURKISH REACH - KKDIK\",\"description\":\"KKDIK Only Representative Turkey, Turkish REACH Regulation Services, KKDIK pre registration, pre-sief\",\"publisher\":{\"@id\":\"https:\/\/www.kkdikturkey.com\/#organization\"},\"potentialAction\":[{\"@type\":\"SearchAction\",\"target\":{\"@type\":\"EntryPoint\",\"urlTemplate\":\"https:\/\/www.kkdikturkey.com\/?s={search_term_string}\"},\"query-input\":\"required name=search_term_string\"}],\"inLanguage\":\"tr\"},{\"@type\":\"Organization\",\"@id\":\"https:\/\/www.kkdikturkey.com\/#organization\",\"name\":\"ROUTE YAZILIM ve DANI\u015eMANLIK SAN VE T\u0130C. LTD. \u015eT\u0130.\",\"url\":\"https:\/\/www.kkdikturkey.com\/\",\"logo\":{\"@type\":\"ImageObject\",\"inLanguage\":\"tr\",\"@id\":\"https:\/\/www.kkdikturkey.com\/#\/schema\/logo\/image\/\",\"url\":\"https:\/\/www.kkdikturkey.com\/wp-content\/uploads\/2019\/09\/logokare.jpg\",\"contentUrl\":\"https:\/\/www.kkdikturkey.com\/wp-content\/uploads\/2019\/09\/logokare.jpg\",\"width\":1181,\"height\":1181,\"caption\":\"ROUTE YAZILIM ve DANI\u015eMANLIK SAN VE T\u0130C. LTD. \u015eT\u0130.\"},\"image\":{\"@id\":\"https:\/\/www.kkdikturkey.com\/#\/schema\/logo\/image\/\"}}]}<\/script>\n<!-- \/ Yoast SEO plugin. -->","yoast_head_json":{"title":"KKDIK(T-REACH) regulatory compliance and only representative services","description":"KKDIK(T-REACH) (Turkish REACH)\u00a0was published by the Turkey's Ministry of Environment and Urbanization on June 23, 2017 in the Official Gazette No. 30105.","robots":{"index":"index","follow":"follow","max-snippet":"max-snippet:-1","max-image-preview":"max-image-preview:large","max-video-preview":"max-video-preview:-1"},"canonical":"https:\/\/www.kkdikturkey.com\/index.php\/kkdikt-reach\/","og_locale":"tr_TR","og_type":"article","og_title":"KKDIK(T-REACH) regulatory compliance and only representative services","og_description":"KKDIK(T-REACH) (Turkish REACH)\u00a0was published by the Turkey's Ministry of Environment and Urbanization on June 23, 2017 in the Official Gazette No. 30105.","og_url":"https:\/\/www.kkdikturkey.com\/index.php\/kkdikt-reach\/","og_site_name":"TURKISH REACH - KKDIK","article_modified_time":"2025-02-15T14:33:36+00:00","og_image":[{"url":"https:\/\/www.kkdikturkey.com\/wp-content\/uploads\/2020\/04\/kkdik-logo.png"}],"twitter_card":"summary_large_image","twitter_misc":{"Tahmini okuma s\u00fcresi":"4 dakika"},"schema":{"@context":"https:\/\/schema.org","@graph":[{"@type":"WebPage","@id":"https:\/\/www.kkdikturkey.com\/index.php\/kkdikt-reach\/","url":"https:\/\/www.kkdikturkey.com\/index.php\/kkdikt-reach\/","name":"KKDIK(T-REACH) regulatory compliance and only representative services","isPartOf":{"@id":"https:\/\/www.kkdikturkey.com\/#website"},"datePublished":"2019-09-10T22:33:25+00:00","dateModified":"2025-02-15T14:33:36+00:00","description":"KKDIK(T-REACH) (Turkish REACH)\u00a0was published by the Turkey's Ministry of Environment and Urbanization on June 23, 2017 in the Official Gazette No. 30105.","breadcrumb":{"@id":"https:\/\/www.kkdikturkey.com\/index.php\/kkdikt-reach\/#breadcrumb"},"inLanguage":"tr","potentialAction":[{"@type":"ReadAction","target":["https:\/\/www.kkdikturkey.com\/index.php\/kkdikt-reach\/"]}]},{"@type":"BreadcrumbList","@id":"https:\/\/www.kkdikturkey.com\/index.php\/kkdikt-reach\/#breadcrumb","itemListElement":[{"@type":"ListItem","position":1,"name":"Ana sayfa","item":"https:\/\/www.kkdikturkey.com\/"},{"@type":"ListItem","position":2,"name":"KKDIK(T-REACH)"}]},{"@type":"WebSite","@id":"https:\/\/www.kkdikturkey.com\/#website","url":"https:\/\/www.kkdikturkey.com\/","name":"TURKISH REACH - KKDIK","description":"KKDIK Only Representative Turkey, Turkish REACH Regulation Services, KKDIK pre registration, pre-sief","publisher":{"@id":"https:\/\/www.kkdikturkey.com\/#organization"},"potentialAction":[{"@type":"SearchAction","target":{"@type":"EntryPoint","urlTemplate":"https:\/\/www.kkdikturkey.com\/?s={search_term_string}"},"query-input":"required name=search_term_string"}],"inLanguage":"tr"},{"@type":"Organization","@id":"https:\/\/www.kkdikturkey.com\/#organization","name":"ROUTE YAZILIM ve DANI\u015eMANLIK SAN VE T\u0130C. LTD. \u015eT\u0130.","url":"https:\/\/www.kkdikturkey.com\/","logo":{"@type":"ImageObject","inLanguage":"tr","@id":"https:\/\/www.kkdikturkey.com\/#\/schema\/logo\/image\/","url":"https:\/\/www.kkdikturkey.com\/wp-content\/uploads\/2019\/09\/logokare.jpg","contentUrl":"https:\/\/www.kkdikturkey.com\/wp-content\/uploads\/2019\/09\/logokare.jpg","width":1181,"height":1181,"caption":"ROUTE YAZILIM ve DANI\u015eMANLIK SAN VE T\u0130C. LTD. \u015eT\u0130."},"image":{"@id":"https:\/\/www.kkdikturkey.com\/#\/schema\/logo\/image\/"}}]}},"_links":{"self":[{"href":"https:\/\/www.kkdikturkey.com\/index.php\/wp-json\/wp\/v2\/pages\/82"}],"collection":[{"href":"https:\/\/www.kkdikturkey.com\/index.php\/wp-json\/wp\/v2\/pages"}],"about":[{"href":"https:\/\/www.kkdikturkey.com\/index.php\/wp-json\/wp\/v2\/types\/page"}],"author":[{"embeddable":true,"href":"https:\/\/www.kkdikturkey.com\/index.php\/wp-json\/wp\/v2\/users\/1"}],"replies":[{"embeddable":true,"href":"https:\/\/www.kkdikturkey.com\/index.php\/wp-json\/wp\/v2\/comments?post=82"}],"version-history":[{"count":6,"href":"https:\/\/www.kkdikturkey.com\/index.php\/wp-json\/wp\/v2\/pages\/82\/revisions"}],"predecessor-version":[{"id":440,"href":"https:\/\/www.kkdikturkey.com\/index.php\/wp-json\/wp\/v2\/pages\/82\/revisions\/440"}],"wp:attachment":[{"href":"https:\/\/www.kkdikturkey.com\/index.php\/wp-json\/wp\/v2\/media?parent=82"}],"curies":[{"name":"wp","href":"https:\/\/api.w.org\/{rel}","templated":true}]}}