{"id":81,"date":"2019-09-10T22:33:25","date_gmt":"2019-09-10T22:33:25","guid":{"rendered":"https:\/\/www.kkdikturkey.com\/?page_id=81"},"modified":"2025-02-15T14:34:38","modified_gmt":"2025-02-15T14:34:38","slug":"services","status":"publish","type":"page","link":"https:\/\/www.kkdikturkey.com\/index.php\/services\/","title":{"rendered":"Services"},"content":{"rendered":"<div class=\"wp-block-image\">\n<figure class=\"aligncenter size-large\"><img loading=\"lazy\" decoding=\"async\" width=\"334\" height=\"137\" src=\"https:\/\/www.kkdikturkey.com\/wp-content\/uploads\/2020\/04\/kkdik-logo.png\" alt=\"Turkish REACH Regulation\" class=\"wp-image-142\" srcset=\"https:\/\/www.kkdikturkey.com\/wp-content\/uploads\/2020\/04\/kkdik-logo.png 334w, https:\/\/www.kkdikturkey.com\/wp-content\/uploads\/2020\/04\/kkdik-logo-300x123.png 300w\" sizes=\"(max-width: 334px) 100vw, 334px\" \/><\/figure><\/div>\n\n\n<p><a href=\"https:\/\/www.dgroute.com\/en\/t_reach_only_representative_kkdik.html\">DGROUTE&nbsp;<\/a>offers Turkey only representative services, Turkish SDS authoring, translation and compliance services for all chemical industry in Turkey and abroad. Many aspects of the Global Harmonized Systems (GHS) have already been implemented in Turkey for Turkey chemical industry.<\/p>\n\n\n\n<p>The GHS Regulation came into force when The Turkey Official Gazette published the GHS Regulations with the set transitional periods in December 2014. The full implementation of the regulation has been implemented as of June 1, 2016 for both hazardous substances and mixtures. An SDS (formerly known as MSDS) includes information such as the properties of each chemical; the physical, health, and environmental health hazards; protective measures; and safety precautions for handling, storing, and transporting the chemical.<\/p>\n\n\n\n<h3 class=\"wp-block-heading\"><a href=\"https:\/\/www.kkdikturkey.com\/index.php\/kkdik-turkey\/\">Turkey OR services<\/a><\/h3>\n\n\n\n<p>DGROUTE offers Turkey Only Representative services consultation on issues relating to KKD\u0130K (Turkish REACH), Pre-SIEF, SIEF&amp; Consortia Management, SDS authoring solutions. <\/p>\n\n\n<div class=\"wp-block-image\">\n<figure class=\"aligncenter size-large is-resized\"><img loading=\"lazy\" decoding=\"async\" width=\"1024\" height=\"1024\" src=\"https:\/\/www.kkdikturkey.com\/wp-content\/uploads\/2019\/09\/logokare-1024x1024.jpg\" alt=\"Chemical Legistation\" class=\"wp-image-9\" style=\"width:282px;height:282px\" srcset=\"https:\/\/www.kkdikturkey.com\/wp-content\/uploads\/2019\/09\/logokare-1024x1024.jpg 1024w, https:\/\/www.kkdikturkey.com\/wp-content\/uploads\/2019\/09\/logokare-150x150.jpg 150w, https:\/\/www.kkdikturkey.com\/wp-content\/uploads\/2019\/09\/logokare-300x300.jpg 300w, https:\/\/www.kkdikturkey.com\/wp-content\/uploads\/2019\/09\/logokare-768x768.jpg 768w, https:\/\/www.kkdikturkey.com\/wp-content\/uploads\/2019\/09\/logokare.jpg 1181w\" sizes=\"(max-width: 1024px) 100vw, 1024px\" \/><\/figure><\/div>\n\n\n<p><a href=\"https:\/\/www.dgroute.com\/en\/iletisim.html\">Do not hesitate to contact us for comprehensive information and offer about KKDIK Pre-Registration Service and Turkish REACH Regulations.   <\/a><\/p>\n","protected":false},"excerpt":{"rendered":"<p>DGROUTE&nbsp;offers Turkey only representative services, Turkish SDS authoring, translation and compliance services for all chemical industry in Turkey and abroad. Many aspects of the Global Harmonized Systems (GHS) have already been implemented in Turkey for Turkey chemical industry. The GHS Regulation came into force when The Turkey Official Gazette published the GHS Regulations with the [&hellip;]<\/p>\n","protected":false},"author":1,"featured_media":0,"parent":0,"menu_order":0,"comment_status":"closed","ping_status":"closed","template":"attachment.php","meta":{"_mi_skip_tracking":false,"_monsterinsights_sitenote_active":false,"_monsterinsights_sitenote_note":"","_monsterinsights_sitenote_category":0,"footnotes":""},"yoast_head":"<!-- This site is optimized with the Yoast SEO plugin v21.5 - https:\/\/yoast.com\/wordpress\/plugins\/seo\/ -->\n<title>Turkey only representative services consultation on issues relating to<\/title>\n<meta name=\"description\" content=\"Turkey Only Representative Services, KKDIK (TURKEY REACH) and you can contact us for detailed information about the current Turkish legislation.\" \/>\n<meta name=\"robots\" content=\"index, follow, max-snippet:-1, max-image-preview:large, max-video-preview:-1\" \/>\n<link rel=\"canonical\" href=\"https:\/\/www.kkdikturkey.com\/index.php\/services\/\" \/>\n<meta property=\"og:locale\" content=\"tr_TR\" \/>\n<meta property=\"og:type\" content=\"article\" \/>\n<meta property=\"og:title\" content=\"Turkey only representative services consultation on issues relating to\" \/>\n<meta property=\"og:description\" content=\"Turkey Only Representative Services, KKDIK (TURKEY REACH) and you can contact us for detailed information about the current Turkish legislation.\" \/>\n<meta property=\"og:url\" content=\"https:\/\/www.kkdikturkey.com\/index.php\/services\/\" \/>\n<meta property=\"og:site_name\" content=\"TURKISH REACH - KKDIK\" \/>\n<meta property=\"article:modified_time\" content=\"2025-02-15T14:34:38+00:00\" \/>\n<meta property=\"og:image\" content=\"https:\/\/www.kkdikturkey.com\/wp-content\/uploads\/2020\/04\/kkdik-logo.png\" \/>\n<meta name=\"twitter:card\" content=\"summary_large_image\" \/>\n<meta name=\"twitter:label1\" content=\"Tahmini okuma s\u00fcresi\" \/>\n\t<meta name=\"twitter:data1\" content=\"2 dakika\" \/>\n<script type=\"application\/ld+json\" class=\"yoast-schema-graph\">{\"@context\":\"https:\/\/schema.org\",\"@graph\":[{\"@type\":\"WebPage\",\"@id\":\"https:\/\/www.kkdikturkey.com\/index.php\/services\/\",\"url\":\"https:\/\/www.kkdikturkey.com\/index.php\/services\/\",\"name\":\"Turkey only representative services consultation on issues relating to\",\"isPartOf\":{\"@id\":\"https:\/\/www.kkdikturkey.com\/#website\"},\"datePublished\":\"2019-09-10T22:33:25+00:00\",\"dateModified\":\"2025-02-15T14:34:38+00:00\",\"description\":\"Turkey Only Representative Services, KKDIK (TURKEY REACH) and you can contact us for detailed information about the current Turkish legislation.\",\"breadcrumb\":{\"@id\":\"https:\/\/www.kkdikturkey.com\/index.php\/services\/#breadcrumb\"},\"inLanguage\":\"tr\",\"potentialAction\":[{\"@type\":\"ReadAction\",\"target\":[\"https:\/\/www.kkdikturkey.com\/index.php\/services\/\"]}]},{\"@type\":\"BreadcrumbList\",\"@id\":\"https:\/\/www.kkdikturkey.com\/index.php\/services\/#breadcrumb\",\"itemListElement\":[{\"@type\":\"ListItem\",\"position\":1,\"name\":\"Ana sayfa\",\"item\":\"https:\/\/www.kkdikturkey.com\/\"},{\"@type\":\"ListItem\",\"position\":2,\"name\":\"Services\"}]},{\"@type\":\"WebSite\",\"@id\":\"https:\/\/www.kkdikturkey.com\/#website\",\"url\":\"https:\/\/www.kkdikturkey.com\/\",\"name\":\"TURKISH REACH - KKDIK\",\"description\":\"KKDIK Only Representative Turkey, Turkish REACH Regulation Services, KKDIK pre registration, pre-sief\",\"publisher\":{\"@id\":\"https:\/\/www.kkdikturkey.com\/#organization\"},\"potentialAction\":[{\"@type\":\"SearchAction\",\"target\":{\"@type\":\"EntryPoint\",\"urlTemplate\":\"https:\/\/www.kkdikturkey.com\/?s={search_term_string}\"},\"query-input\":\"required name=search_term_string\"}],\"inLanguage\":\"tr\"},{\"@type\":\"Organization\",\"@id\":\"https:\/\/www.kkdikturkey.com\/#organization\",\"name\":\"ROUTE YAZILIM ve DANI\u015eMANLIK SAN VE T\u0130C. LTD. \u015eT\u0130.\",\"url\":\"https:\/\/www.kkdikturkey.com\/\",\"logo\":{\"@type\":\"ImageObject\",\"inLanguage\":\"tr\",\"@id\":\"https:\/\/www.kkdikturkey.com\/#\/schema\/logo\/image\/\",\"url\":\"https:\/\/www.kkdikturkey.com\/wp-content\/uploads\/2019\/09\/logokare.jpg\",\"contentUrl\":\"https:\/\/www.kkdikturkey.com\/wp-content\/uploads\/2019\/09\/logokare.jpg\",\"width\":1181,\"height\":1181,\"caption\":\"ROUTE YAZILIM ve DANI\u015eMANLIK SAN VE T\u0130C. LTD. \u015eT\u0130.\"},\"image\":{\"@id\":\"https:\/\/www.kkdikturkey.com\/#\/schema\/logo\/image\/\"}}]}<\/script>\n<!-- \/ Yoast SEO plugin. -->","yoast_head_json":{"title":"Turkey only representative services consultation on issues relating to","description":"Turkey Only Representative Services, KKDIK (TURKEY REACH) and you can contact us for detailed information about the current Turkish legislation.","robots":{"index":"index","follow":"follow","max-snippet":"max-snippet:-1","max-image-preview":"max-image-preview:large","max-video-preview":"max-video-preview:-1"},"canonical":"https:\/\/www.kkdikturkey.com\/index.php\/services\/","og_locale":"tr_TR","og_type":"article","og_title":"Turkey only representative services consultation on issues relating to","og_description":"Turkey Only Representative Services, KKDIK (TURKEY REACH) and you can contact us for detailed information about the current Turkish legislation.","og_url":"https:\/\/www.kkdikturkey.com\/index.php\/services\/","og_site_name":"TURKISH REACH - KKDIK","article_modified_time":"2025-02-15T14:34:38+00:00","og_image":[{"url":"https:\/\/www.kkdikturkey.com\/wp-content\/uploads\/2020\/04\/kkdik-logo.png"}],"twitter_card":"summary_large_image","twitter_misc":{"Tahmini okuma s\u00fcresi":"2 dakika"},"schema":{"@context":"https:\/\/schema.org","@graph":[{"@type":"WebPage","@id":"https:\/\/www.kkdikturkey.com\/index.php\/services\/","url":"https:\/\/www.kkdikturkey.com\/index.php\/services\/","name":"Turkey only representative services consultation on issues relating to","isPartOf":{"@id":"https:\/\/www.kkdikturkey.com\/#website"},"datePublished":"2019-09-10T22:33:25+00:00","dateModified":"2025-02-15T14:34:38+00:00","description":"Turkey Only Representative Services, KKDIK (TURKEY REACH) and you can contact us for detailed information about the current Turkish legislation.","breadcrumb":{"@id":"https:\/\/www.kkdikturkey.com\/index.php\/services\/#breadcrumb"},"inLanguage":"tr","potentialAction":[{"@type":"ReadAction","target":["https:\/\/www.kkdikturkey.com\/index.php\/services\/"]}]},{"@type":"BreadcrumbList","@id":"https:\/\/www.kkdikturkey.com\/index.php\/services\/#breadcrumb","itemListElement":[{"@type":"ListItem","position":1,"name":"Ana sayfa","item":"https:\/\/www.kkdikturkey.com\/"},{"@type":"ListItem","position":2,"name":"Services"}]},{"@type":"WebSite","@id":"https:\/\/www.kkdikturkey.com\/#website","url":"https:\/\/www.kkdikturkey.com\/","name":"TURKISH REACH - KKDIK","description":"KKDIK Only Representative Turkey, Turkish REACH Regulation Services, KKDIK pre registration, pre-sief","publisher":{"@id":"https:\/\/www.kkdikturkey.com\/#organization"},"potentialAction":[{"@type":"SearchAction","target":{"@type":"EntryPoint","urlTemplate":"https:\/\/www.kkdikturkey.com\/?s={search_term_string}"},"query-input":"required name=search_term_string"}],"inLanguage":"tr"},{"@type":"Organization","@id":"https:\/\/www.kkdikturkey.com\/#organization","name":"ROUTE YAZILIM ve DANI\u015eMANLIK SAN VE T\u0130C. LTD. \u015eT\u0130.","url":"https:\/\/www.kkdikturkey.com\/","logo":{"@type":"ImageObject","inLanguage":"tr","@id":"https:\/\/www.kkdikturkey.com\/#\/schema\/logo\/image\/","url":"https:\/\/www.kkdikturkey.com\/wp-content\/uploads\/2019\/09\/logokare.jpg","contentUrl":"https:\/\/www.kkdikturkey.com\/wp-content\/uploads\/2019\/09\/logokare.jpg","width":1181,"height":1181,"caption":"ROUTE YAZILIM ve DANI\u015eMANLIK SAN VE T\u0130C. LTD. \u015eT\u0130."},"image":{"@id":"https:\/\/www.kkdikturkey.com\/#\/schema\/logo\/image\/"}}]}},"_links":{"self":[{"href":"https:\/\/www.kkdikturkey.com\/index.php\/wp-json\/wp\/v2\/pages\/81"}],"collection":[{"href":"https:\/\/www.kkdikturkey.com\/index.php\/wp-json\/wp\/v2\/pages"}],"about":[{"href":"https:\/\/www.kkdikturkey.com\/index.php\/wp-json\/wp\/v2\/types\/page"}],"author":[{"embeddable":true,"href":"https:\/\/www.kkdikturkey.com\/index.php\/wp-json\/wp\/v2\/users\/1"}],"replies":[{"embeddable":true,"href":"https:\/\/www.kkdikturkey.com\/index.php\/wp-json\/wp\/v2\/comments?post=81"}],"version-history":[{"count":11,"href":"https:\/\/www.kkdikturkey.com\/index.php\/wp-json\/wp\/v2\/pages\/81\/revisions"}],"predecessor-version":[{"id":441,"href":"https:\/\/www.kkdikturkey.com\/index.php\/wp-json\/wp\/v2\/pages\/81\/revisions\/441"}],"wp:attachment":[{"href":"https:\/\/www.kkdikturkey.com\/index.php\/wp-json\/wp\/v2\/media?parent=81"}],"curies":[{"name":"wp","href":"https:\/\/api.w.org\/{rel}","templated":true}]}}