{"id":70,"date":"2019-09-10T22:16:48","date_gmt":"2019-09-10T22:16:48","guid":{"rendered":"https:\/\/www.kkdikturkey.com\/?page_id=70"},"modified":"2021-11-18T20:46:18","modified_gmt":"2021-11-18T20:46:18","slug":"contact-2","status":"publish","type":"page","link":"https:\/\/www.kkdikturkey.com\/index.php\/contact-2\/","title":{"rendered":"Contact"},"content":{"rendered":"\n<div class=\"wpcf7 no-js\" id=\"wpcf7-f52-o1\" lang=\"tr-TR\" dir=\"ltr\">\n<div class=\"screen-reader-response\"><p role=\"status\" aria-live=\"polite\" aria-atomic=\"true\"><\/p> <ul><\/ul><\/div>\n<form action=\"\/index.php\/wp-json\/wp\/v2\/pages\/70#wpcf7-f52-o1\" method=\"post\" class=\"wpcf7-form init\" aria-label=\"Contact form\" novalidate=\"novalidate\" data-status=\"init\">\n<div style=\"display: none;\">\n<input type=\"hidden\" name=\"_wpcf7\" value=\"52\" \/>\n<input type=\"hidden\" name=\"_wpcf7_version\" value=\"5.8.2\" \/>\n<input type=\"hidden\" name=\"_wpcf7_locale\" value=\"tr_TR\" \/>\n<input type=\"hidden\" name=\"_wpcf7_unit_tag\" value=\"wpcf7-f52-o1\" \/>\n<input type=\"hidden\" name=\"_wpcf7_container_post\" value=\"0\" \/>\n<input type=\"hidden\" name=\"_wpcf7_posted_data_hash\" value=\"\" \/>\n<\/div>\n<p><label> Your Name (required)<br \/>\n<span class=\"wpcf7-form-control-wrap\" data-name=\"your-name\"><input size=\"40\" class=\"wpcf7-form-control wpcf7-text wpcf7-validates-as-required\" aria-required=\"true\" aria-invalid=\"false\" value=\"\" type=\"text\" name=\"your-name\" \/><\/span> <\/label>\n<\/p>\n<p><label> Your Email (required)<br \/>\n<span class=\"wpcf7-form-control-wrap\" data-name=\"your-email\"><input size=\"40\" class=\"wpcf7-form-control wpcf7-email wpcf7-validates-as-required wpcf7-text wpcf7-validates-as-email\" aria-required=\"true\" aria-invalid=\"false\" value=\"\" type=\"email\" name=\"your-email\" \/><\/span> <\/label>\n<\/p>\n<p><label> Subject<br \/>\n<span class=\"wpcf7-form-control-wrap\" data-name=\"your-subject\"><input size=\"40\" class=\"wpcf7-form-control wpcf7-text\" aria-invalid=\"false\" value=\"\" type=\"text\" name=\"your-subject\" \/><\/span> <\/label>\n<\/p>\n<p><label> Your Message<br \/>\n<span class=\"wpcf7-form-control-wrap\" data-name=\"your-message\"><textarea cols=\"40\" rows=\"10\" class=\"wpcf7-form-control wpcf7-textarea\" aria-invalid=\"false\" name=\"your-message\"><\/textarea><\/span> <\/label>\n<\/p>\n<p><div id=\"cf7sr-6a010dffc1b2e\" class=\"cf7sr-g-recaptcha\" data-sitekey=\"6LfXNuwUAAAAALV0_-RtXlrqqlfbgEfV1vVVbUGL\"><\/div><span class=\"wpcf7-form-control-wrap cf7sr-recaptcha\" data-name=\"cf7sr-recaptcha\"><input type=\"hidden\" name=\"cf7sr-recaptcha\" value=\"\" class=\"wpcf7-form-control\"><\/span>\n<\/p>\n<p><input class=\"wpcf7-form-control wpcf7-submit has-spinner\" type=\"submit\" value=\"Send\" \/>\n<\/p><p style=\"display: none !important;\"><label>&#916;<textarea name=\"_wpcf7_ak_hp_textarea\" cols=\"45\" rows=\"8\" maxlength=\"100\"><\/textarea><\/label><input type=\"hidden\" id=\"ak_js_1\" name=\"_wpcf7_ak_js\" value=\"128\"\/><script>document.getElementById( \"ak_js_1\" ).setAttribute( \"value\", ( new Date() ).getTime() );<\/script><\/p><div class=\"wpcf7-response-output\" aria-hidden=\"true\"><\/div>\n<\/form>\n<\/div>\n\n\n\n\n<h2 class=\"wp-block-heading\">Head Office   <\/h2>\n\n\n\n<h2 class=\"wp-block-heading\">Route Software and Consultancy<br>Industry and Trade Limited Company <\/h2>\n\n\n\n<p>T\u00dcB\u0130TAK MAM Gebze Campus Technology Development Zone Kadir Has Building No:135,<br>41400 Gebze, Kocaeli TURKEY<br><br><a href=\"tel:02623300237\">\u00a0+90 262 33 00 237<\/a><br><br><a href=\"emailto:info@dgroute.com\">\u00a0info.eu@dgroute.com<\/a><\/p>\n\n\n\n<h2 class=\"wp-block-heading\">EU Office<\/h2>\n\n\n\n<h2 class=\"wp-block-heading\">Chem Safety Ltd.<\/h2>\n\n\n\n<p>2 Leighfield House, Woodberry Down Estate, London, United Kingdom, N4 2TR <br><br><a href=\"emailto:info@dgroute.com\">&nbsp;info.eu@dgroute.com<\/a><br><\/p>\n","protected":false},"excerpt":{"rendered":"<p>Head Office Route Software and ConsultancyIndustry and Trade Limited Company T\u00dcB\u0130TAK MAM Gebze Campus Technology Development Zone Kadir Has Building No:135,41400 Gebze, Kocaeli TURKEY \u00a0+90 262 33 00 237 \u00a0info.eu@dgroute.com EU Office Chem Safety Ltd. 2 Leighfield House, Woodberry Down Estate, London, United Kingdom, N4 2TR &nbsp;info.eu@dgroute.com<\/p>\n","protected":false},"author":1,"featured_media":0,"parent":0,"menu_order":0,"comment_status":"closed","ping_status":"closed","template":"attachment.php","meta":{"_mi_skip_tracking":false,"_monsterinsights_sitenote_active":false,"_monsterinsights_sitenote_note":"","_monsterinsights_sitenote_category":0,"footnotes":""},"yoast_head":"<!-- This site is optimized with the Yoast SEO plugin v21.5 - https:\/\/yoast.com\/wordpress\/plugins\/seo\/ -->\n<title>Contact &#8226; TURKISH REACH - KKDIK<\/title>\n<meta name=\"description\" content=\"KKDIK(TREACH)\u00a0is the Turkish Ministry of Environmental and Urbanization Regulation on chemicals and their safe use, which is published on 23rd June 2017.\" \/>\n<meta name=\"robots\" content=\"index, follow, max-snippet:-1, max-image-preview:large, max-video-preview:-1\" \/>\n<link rel=\"canonical\" href=\"https:\/\/www.kkdikturkey.com\/index.php\/contact-2\/\" \/>\n<meta property=\"og:locale\" content=\"tr_TR\" \/>\n<meta property=\"og:type\" content=\"article\" \/>\n<meta property=\"og:title\" content=\"Contact &#8226; TURKISH REACH - KKDIK\" \/>\n<meta property=\"og:description\" content=\"KKDIK(TREACH)\u00a0is the Turkish Ministry of Environmental and Urbanization Regulation on chemicals and their safe use, which is published on 23rd June 2017.\" \/>\n<meta property=\"og:url\" content=\"https:\/\/www.kkdikturkey.com\/index.php\/contact-2\/\" \/>\n<meta property=\"og:site_name\" content=\"TURKISH REACH - KKDIK\" \/>\n<meta property=\"article:modified_time\" content=\"2021-11-18T20:46:18+00:00\" \/>\n<meta name=\"twitter:card\" content=\"summary_large_image\" \/>\n<meta name=\"twitter:label1\" content=\"Tahmini okuma s\u00fcresi\" \/>\n\t<meta name=\"twitter:data1\" content=\"1 dakika\" \/>\n<script type=\"application\/ld+json\" class=\"yoast-schema-graph\">{\"@context\":\"https:\/\/schema.org\",\"@graph\":[{\"@type\":\"WebPage\",\"@id\":\"https:\/\/www.kkdikturkey.com\/index.php\/contact-2\/\",\"url\":\"https:\/\/www.kkdikturkey.com\/index.php\/contact-2\/\",\"name\":\"Contact &#8226; TURKISH REACH - KKDIK\",\"isPartOf\":{\"@id\":\"https:\/\/www.kkdikturkey.com\/#website\"},\"datePublished\":\"2019-09-10T22:16:48+00:00\",\"dateModified\":\"2021-11-18T20:46:18+00:00\",\"description\":\"KKDIK(TREACH)\u00a0is the Turkish Ministry of Environmental and Urbanization Regulation on chemicals and their safe use, which is published on 23rd June 2017.\",\"breadcrumb\":{\"@id\":\"https:\/\/www.kkdikturkey.com\/index.php\/contact-2\/#breadcrumb\"},\"inLanguage\":\"tr\",\"potentialAction\":[{\"@type\":\"ReadAction\",\"target\":[\"https:\/\/www.kkdikturkey.com\/index.php\/contact-2\/\"]}]},{\"@type\":\"BreadcrumbList\",\"@id\":\"https:\/\/www.kkdikturkey.com\/index.php\/contact-2\/#breadcrumb\",\"itemListElement\":[{\"@type\":\"ListItem\",\"position\":1,\"name\":\"Ana sayfa\",\"item\":\"https:\/\/www.kkdikturkey.com\/\"},{\"@type\":\"ListItem\",\"position\":2,\"name\":\"Contact\"}]},{\"@type\":\"WebSite\",\"@id\":\"https:\/\/www.kkdikturkey.com\/#website\",\"url\":\"https:\/\/www.kkdikturkey.com\/\",\"name\":\"TURKISH REACH - KKDIK\",\"description\":\"KKDIK Only Representative Turkey, Turkish REACH Regulation Services, KKDIK pre registration, pre-sief\",\"publisher\":{\"@id\":\"https:\/\/www.kkdikturkey.com\/#organization\"},\"potentialAction\":[{\"@type\":\"SearchAction\",\"target\":{\"@type\":\"EntryPoint\",\"urlTemplate\":\"https:\/\/www.kkdikturkey.com\/?s={search_term_string}\"},\"query-input\":\"required name=search_term_string\"}],\"inLanguage\":\"tr\"},{\"@type\":\"Organization\",\"@id\":\"https:\/\/www.kkdikturkey.com\/#organization\",\"name\":\"ROUTE YAZILIM ve DANI\u015eMANLIK SAN VE T\u0130C. LTD. \u015eT\u0130.\",\"url\":\"https:\/\/www.kkdikturkey.com\/\",\"logo\":{\"@type\":\"ImageObject\",\"inLanguage\":\"tr\",\"@id\":\"https:\/\/www.kkdikturkey.com\/#\/schema\/logo\/image\/\",\"url\":\"https:\/\/www.kkdikturkey.com\/wp-content\/uploads\/2019\/09\/logokare.jpg\",\"contentUrl\":\"https:\/\/www.kkdikturkey.com\/wp-content\/uploads\/2019\/09\/logokare.jpg\",\"width\":1181,\"height\":1181,\"caption\":\"ROUTE YAZILIM ve DANI\u015eMANLIK SAN VE T\u0130C. LTD. \u015eT\u0130.\"},\"image\":{\"@id\":\"https:\/\/www.kkdikturkey.com\/#\/schema\/logo\/image\/\"}}]}<\/script>\n<!-- \/ Yoast SEO plugin. -->","yoast_head_json":{"title":"Contact &#8226; TURKISH REACH - KKDIK","description":"KKDIK(TREACH)\u00a0is the Turkish Ministry of Environmental and Urbanization Regulation on chemicals and their safe use, which is published on 23rd June 2017.","robots":{"index":"index","follow":"follow","max-snippet":"max-snippet:-1","max-image-preview":"max-image-preview:large","max-video-preview":"max-video-preview:-1"},"canonical":"https:\/\/www.kkdikturkey.com\/index.php\/contact-2\/","og_locale":"tr_TR","og_type":"article","og_title":"Contact &#8226; TURKISH REACH - KKDIK","og_description":"KKDIK(TREACH)\u00a0is the Turkish Ministry of Environmental and Urbanization Regulation on chemicals and their safe use, which is published on 23rd June 2017.","og_url":"https:\/\/www.kkdikturkey.com\/index.php\/contact-2\/","og_site_name":"TURKISH REACH - KKDIK","article_modified_time":"2021-11-18T20:46:18+00:00","twitter_card":"summary_large_image","twitter_misc":{"Tahmini okuma s\u00fcresi":"1 dakika"},"schema":{"@context":"https:\/\/schema.org","@graph":[{"@type":"WebPage","@id":"https:\/\/www.kkdikturkey.com\/index.php\/contact-2\/","url":"https:\/\/www.kkdikturkey.com\/index.php\/contact-2\/","name":"Contact &#8226; TURKISH REACH - KKDIK","isPartOf":{"@id":"https:\/\/www.kkdikturkey.com\/#website"},"datePublished":"2019-09-10T22:16:48+00:00","dateModified":"2021-11-18T20:46:18+00:00","description":"KKDIK(TREACH)\u00a0is the Turkish Ministry of Environmental and Urbanization Regulation on chemicals and their safe use, which is published on 23rd June 2017.","breadcrumb":{"@id":"https:\/\/www.kkdikturkey.com\/index.php\/contact-2\/#breadcrumb"},"inLanguage":"tr","potentialAction":[{"@type":"ReadAction","target":["https:\/\/www.kkdikturkey.com\/index.php\/contact-2\/"]}]},{"@type":"BreadcrumbList","@id":"https:\/\/www.kkdikturkey.com\/index.php\/contact-2\/#breadcrumb","itemListElement":[{"@type":"ListItem","position":1,"name":"Ana sayfa","item":"https:\/\/www.kkdikturkey.com\/"},{"@type":"ListItem","position":2,"name":"Contact"}]},{"@type":"WebSite","@id":"https:\/\/www.kkdikturkey.com\/#website","url":"https:\/\/www.kkdikturkey.com\/","name":"TURKISH REACH - KKDIK","description":"KKDIK Only Representative Turkey, Turkish REACH Regulation Services, KKDIK pre registration, pre-sief","publisher":{"@id":"https:\/\/www.kkdikturkey.com\/#organization"},"potentialAction":[{"@type":"SearchAction","target":{"@type":"EntryPoint","urlTemplate":"https:\/\/www.kkdikturkey.com\/?s={search_term_string}"},"query-input":"required name=search_term_string"}],"inLanguage":"tr"},{"@type":"Organization","@id":"https:\/\/www.kkdikturkey.com\/#organization","name":"ROUTE YAZILIM ve DANI\u015eMANLIK SAN VE T\u0130C. LTD. \u015eT\u0130.","url":"https:\/\/www.kkdikturkey.com\/","logo":{"@type":"ImageObject","inLanguage":"tr","@id":"https:\/\/www.kkdikturkey.com\/#\/schema\/logo\/image\/","url":"https:\/\/www.kkdikturkey.com\/wp-content\/uploads\/2019\/09\/logokare.jpg","contentUrl":"https:\/\/www.kkdikturkey.com\/wp-content\/uploads\/2019\/09\/logokare.jpg","width":1181,"height":1181,"caption":"ROUTE YAZILIM ve DANI\u015eMANLIK SAN VE T\u0130C. LTD. \u015eT\u0130."},"image":{"@id":"https:\/\/www.kkdikturkey.com\/#\/schema\/logo\/image\/"}}]}},"_links":{"self":[{"href":"https:\/\/www.kkdikturkey.com\/index.php\/wp-json\/wp\/v2\/pages\/70"}],"collection":[{"href":"https:\/\/www.kkdikturkey.com\/index.php\/wp-json\/wp\/v2\/pages"}],"about":[{"href":"https:\/\/www.kkdikturkey.com\/index.php\/wp-json\/wp\/v2\/types\/page"}],"author":[{"embeddable":true,"href":"https:\/\/www.kkdikturkey.com\/index.php\/wp-json\/wp\/v2\/users\/1"}],"replies":[{"embeddable":true,"href":"https:\/\/www.kkdikturkey.com\/index.php\/wp-json\/wp\/v2\/comments?post=70"}],"version-history":[{"count":11,"href":"https:\/\/www.kkdikturkey.com\/index.php\/wp-json\/wp\/v2\/pages\/70\/revisions"}],"predecessor-version":[{"id":265,"href":"https:\/\/www.kkdikturkey.com\/index.php\/wp-json\/wp\/v2\/pages\/70\/revisions\/265"}],"wp:attachment":[{"href":"https:\/\/www.kkdikturkey.com\/index.php\/wp-json\/wp\/v2\/media?parent=70"}],"curies":[{"name":"wp","href":"https:\/\/api.w.org\/{rel}","templated":true}]}}