{"id":68,"date":"2019-09-10T22:10:19","date_gmt":"2019-09-10T22:10:19","guid":{"rendered":"https:\/\/www.kkdikturkey.com\/?page_id=68"},"modified":"2025-02-15T14:22:30","modified_gmt":"2025-02-15T14:22:30","slug":"only-representative-services","status":"publish","type":"page","link":"https:\/\/www.kkdikturkey.com\/index.php\/only-representative-services\/","title":{"rendered":"About Us"},"content":{"rendered":"<div class=\"wp-block-image\">\n<figure class=\"aligncenter size-large is-resized\"><a href=\"https:\/\/www.dgroute.com\/en\/t_reach_only_representative_kkdik.html\"><img loading=\"lazy\" decoding=\"async\" width=\"1024\" height=\"1024\" src=\"https:\/\/www.kkdikturkey.com\/wp-content\/uploads\/2019\/09\/logokare-1024x1024.jpg\" alt=\"Chemical Legistation\" class=\"wp-image-9\" style=\"width:256px;height:256px\" srcset=\"https:\/\/www.kkdikturkey.com\/wp-content\/uploads\/2019\/09\/logokare-1024x1024.jpg 1024w, https:\/\/www.kkdikturkey.com\/wp-content\/uploads\/2019\/09\/logokare-150x150.jpg 150w, https:\/\/www.kkdikturkey.com\/wp-content\/uploads\/2019\/09\/logokare-300x300.jpg 300w, https:\/\/www.kkdikturkey.com\/wp-content\/uploads\/2019\/09\/logokare-768x768.jpg 768w, https:\/\/www.kkdikturkey.com\/wp-content\/uploads\/2019\/09\/logokare.jpg 1181w\" sizes=\"(max-width: 1024px) 100vw, 1024px\" \/><\/a><\/figure><\/div>\n\n\n<p>DGROUTE provides services in the field of <a href=\"https:\/\/www.dgroute.com\/en\/iletisim.html\">Only Representative<\/a>, chemicals and dangerous goods logistics with expert staff certified by government agencies.<\/p>\n\n\n\n<p>DGROUTE provides service with its expert staff who Chemical Evaluation Specialist certificate. We provide Safety Data Sheet (MSDS\/SDS) preparation and alignment services in 52 languages in compliance with current regulations.<\/p>\n\n\n\n<p>DGROUTE offers Only Representative services consultation on issues relating to KKD\u0130K (Turkish REACH ), Pre-SIEF,  SIEF&amp; Consortia Management, SDS authoring solutions.<\/p>\n\n\n\n<p>Our company operates from its headquarters in the Scientific and Technological Research Council of Turkey campus. We carry out R&amp;D studies in the fields of chemistry and dangerous goods logistics and develop software solutions.<\/p>\n\n\n\n<h2 class=\"wp-block-heading\">Our Mission<\/h2>\n\n\n\n<p>DGROUTE is the reliable business partner of its customers with its service and software solutions in the field of chemical legislation management.<\/p>\n\n\n\n<h2 class=\"wp-block-heading\">Our Vision <\/h2>\n\n\n\n<p>DGROUTE believes innovation and collaboration is an indispensable value.<br>As a brand that develops customer-oriented approaches with its sustainable service quality, it is our target to be your solution partner.<\/p>\n","protected":false},"excerpt":{"rendered":"<p>DGROUTE provides services in the field of Only Representative, chemicals and dangerous goods logistics with expert staff certified by government agencies. DGROUTE provides service with its expert staff who Chemical Evaluation Specialist certificate. We provide Safety Data Sheet (MSDS\/SDS) preparation and alignment services in 52 languages in compliance with current regulations. DGROUTE offers Only Representative [&hellip;]<\/p>\n","protected":false},"author":1,"featured_media":0,"parent":0,"menu_order":0,"comment_status":"closed","ping_status":"closed","template":"attachment.php","meta":{"_mi_skip_tracking":false,"_monsterinsights_sitenote_active":false,"_monsterinsights_sitenote_note":"","_monsterinsights_sitenote_category":0,"footnotes":""},"yoast_head":"<!-- This site is optimized with the Yoast SEO plugin v21.5 - https:\/\/yoast.com\/wordpress\/plugins\/seo\/ -->\n<title>Only representative services within the scope of KKD\u0130K (TREACH)<\/title>\n<meta name=\"description\" content=\"Only Representative Services, KKDIK (TURKEY REACH) and you can contact us for detailed information about the current Turkish legislation.\" \/>\n<meta name=\"robots\" content=\"index, follow, max-snippet:-1, max-image-preview:large, max-video-preview:-1\" \/>\n<link rel=\"canonical\" href=\"https:\/\/www.kkdikturkey.com\/index.php\/only-representative-services\/\" \/>\n<meta property=\"og:locale\" content=\"tr_TR\" \/>\n<meta property=\"og:type\" content=\"article\" \/>\n<meta property=\"og:title\" content=\"Only representative services within the scope of KKD\u0130K (TREACH)\" \/>\n<meta property=\"og:description\" content=\"Only Representative Services, KKDIK (TURKEY REACH) and you can contact us for detailed information about the current Turkish legislation.\" \/>\n<meta property=\"og:url\" content=\"https:\/\/www.kkdikturkey.com\/index.php\/only-representative-services\/\" \/>\n<meta property=\"og:site_name\" content=\"TURKISH REACH - KKDIK\" \/>\n<meta property=\"article:modified_time\" content=\"2025-02-15T14:22:30+00:00\" \/>\n<meta property=\"og:image\" content=\"https:\/\/www.kkdikturkey.com\/wp-content\/uploads\/2019\/09\/logokare-1024x1024.jpg\" \/>\n<meta name=\"twitter:card\" content=\"summary_large_image\" \/>\n<meta name=\"twitter:label1\" content=\"Tahmini okuma s\u00fcresi\" \/>\n\t<meta name=\"twitter:data1\" content=\"2 dakika\" \/>\n<script type=\"application\/ld+json\" class=\"yoast-schema-graph\">{\"@context\":\"https:\/\/schema.org\",\"@graph\":[{\"@type\":\"WebPage\",\"@id\":\"https:\/\/www.kkdikturkey.com\/index.php\/only-representative-services\/\",\"url\":\"https:\/\/www.kkdikturkey.com\/index.php\/only-representative-services\/\",\"name\":\"Only representative services within the scope of KKD\u0130K (TREACH)\",\"isPartOf\":{\"@id\":\"https:\/\/www.kkdikturkey.com\/#website\"},\"datePublished\":\"2019-09-10T22:10:19+00:00\",\"dateModified\":\"2025-02-15T14:22:30+00:00\",\"description\":\"Only Representative Services, KKDIK (TURKEY REACH) and you can contact us for detailed information about the current Turkish legislation.\",\"breadcrumb\":{\"@id\":\"https:\/\/www.kkdikturkey.com\/index.php\/only-representative-services\/#breadcrumb\"},\"inLanguage\":\"tr\",\"potentialAction\":[{\"@type\":\"ReadAction\",\"target\":[\"https:\/\/www.kkdikturkey.com\/index.php\/only-representative-services\/\"]}]},{\"@type\":\"BreadcrumbList\",\"@id\":\"https:\/\/www.kkdikturkey.com\/index.php\/only-representative-services\/#breadcrumb\",\"itemListElement\":[{\"@type\":\"ListItem\",\"position\":1,\"name\":\"Ana sayfa\",\"item\":\"https:\/\/www.kkdikturkey.com\/\"},{\"@type\":\"ListItem\",\"position\":2,\"name\":\"About Us\"}]},{\"@type\":\"WebSite\",\"@id\":\"https:\/\/www.kkdikturkey.com\/#website\",\"url\":\"https:\/\/www.kkdikturkey.com\/\",\"name\":\"TURKISH REACH - KKDIK\",\"description\":\"KKDIK Only Representative Turkey, Turkish REACH Regulation Services, KKDIK pre registration, pre-sief\",\"publisher\":{\"@id\":\"https:\/\/www.kkdikturkey.com\/#organization\"},\"potentialAction\":[{\"@type\":\"SearchAction\",\"target\":{\"@type\":\"EntryPoint\",\"urlTemplate\":\"https:\/\/www.kkdikturkey.com\/?s={search_term_string}\"},\"query-input\":\"required name=search_term_string\"}],\"inLanguage\":\"tr\"},{\"@type\":\"Organization\",\"@id\":\"https:\/\/www.kkdikturkey.com\/#organization\",\"name\":\"ROUTE YAZILIM ve DANI\u015eMANLIK SAN VE T\u0130C. LTD. \u015eT\u0130.\",\"url\":\"https:\/\/www.kkdikturkey.com\/\",\"logo\":{\"@type\":\"ImageObject\",\"inLanguage\":\"tr\",\"@id\":\"https:\/\/www.kkdikturkey.com\/#\/schema\/logo\/image\/\",\"url\":\"https:\/\/www.kkdikturkey.com\/wp-content\/uploads\/2019\/09\/logokare.jpg\",\"contentUrl\":\"https:\/\/www.kkdikturkey.com\/wp-content\/uploads\/2019\/09\/logokare.jpg\",\"width\":1181,\"height\":1181,\"caption\":\"ROUTE YAZILIM ve DANI\u015eMANLIK SAN VE T\u0130C. LTD. \u015eT\u0130.\"},\"image\":{\"@id\":\"https:\/\/www.kkdikturkey.com\/#\/schema\/logo\/image\/\"}}]}<\/script>\n<!-- \/ Yoast SEO plugin. -->","yoast_head_json":{"title":"Only representative services within the scope of KKD\u0130K (TREACH)","description":"Only Representative Services, KKDIK (TURKEY REACH) and you can contact us for detailed information about the current Turkish legislation.","robots":{"index":"index","follow":"follow","max-snippet":"max-snippet:-1","max-image-preview":"max-image-preview:large","max-video-preview":"max-video-preview:-1"},"canonical":"https:\/\/www.kkdikturkey.com\/index.php\/only-representative-services\/","og_locale":"tr_TR","og_type":"article","og_title":"Only representative services within the scope of KKD\u0130K (TREACH)","og_description":"Only Representative Services, KKDIK (TURKEY REACH) and you can contact us for detailed information about the current Turkish legislation.","og_url":"https:\/\/www.kkdikturkey.com\/index.php\/only-representative-services\/","og_site_name":"TURKISH REACH - KKDIK","article_modified_time":"2025-02-15T14:22:30+00:00","og_image":[{"url":"https:\/\/www.kkdikturkey.com\/wp-content\/uploads\/2019\/09\/logokare-1024x1024.jpg"}],"twitter_card":"summary_large_image","twitter_misc":{"Tahmini okuma s\u00fcresi":"2 dakika"},"schema":{"@context":"https:\/\/schema.org","@graph":[{"@type":"WebPage","@id":"https:\/\/www.kkdikturkey.com\/index.php\/only-representative-services\/","url":"https:\/\/www.kkdikturkey.com\/index.php\/only-representative-services\/","name":"Only representative services within the scope of KKD\u0130K (TREACH)","isPartOf":{"@id":"https:\/\/www.kkdikturkey.com\/#website"},"datePublished":"2019-09-10T22:10:19+00:00","dateModified":"2025-02-15T14:22:30+00:00","description":"Only Representative Services, KKDIK (TURKEY REACH) and you can contact us for detailed information about the current Turkish legislation.","breadcrumb":{"@id":"https:\/\/www.kkdikturkey.com\/index.php\/only-representative-services\/#breadcrumb"},"inLanguage":"tr","potentialAction":[{"@type":"ReadAction","target":["https:\/\/www.kkdikturkey.com\/index.php\/only-representative-services\/"]}]},{"@type":"BreadcrumbList","@id":"https:\/\/www.kkdikturkey.com\/index.php\/only-representative-services\/#breadcrumb","itemListElement":[{"@type":"ListItem","position":1,"name":"Ana sayfa","item":"https:\/\/www.kkdikturkey.com\/"},{"@type":"ListItem","position":2,"name":"About Us"}]},{"@type":"WebSite","@id":"https:\/\/www.kkdikturkey.com\/#website","url":"https:\/\/www.kkdikturkey.com\/","name":"TURKISH REACH - KKDIK","description":"KKDIK Only Representative Turkey, Turkish REACH Regulation Services, KKDIK pre registration, pre-sief","publisher":{"@id":"https:\/\/www.kkdikturkey.com\/#organization"},"potentialAction":[{"@type":"SearchAction","target":{"@type":"EntryPoint","urlTemplate":"https:\/\/www.kkdikturkey.com\/?s={search_term_string}"},"query-input":"required name=search_term_string"}],"inLanguage":"tr"},{"@type":"Organization","@id":"https:\/\/www.kkdikturkey.com\/#organization","name":"ROUTE YAZILIM ve DANI\u015eMANLIK SAN VE T\u0130C. LTD. \u015eT\u0130.","url":"https:\/\/www.kkdikturkey.com\/","logo":{"@type":"ImageObject","inLanguage":"tr","@id":"https:\/\/www.kkdikturkey.com\/#\/schema\/logo\/image\/","url":"https:\/\/www.kkdikturkey.com\/wp-content\/uploads\/2019\/09\/logokare.jpg","contentUrl":"https:\/\/www.kkdikturkey.com\/wp-content\/uploads\/2019\/09\/logokare.jpg","width":1181,"height":1181,"caption":"ROUTE YAZILIM ve DANI\u015eMANLIK SAN VE T\u0130C. LTD. \u015eT\u0130."},"image":{"@id":"https:\/\/www.kkdikturkey.com\/#\/schema\/logo\/image\/"}}]}},"_links":{"self":[{"href":"https:\/\/www.kkdikturkey.com\/index.php\/wp-json\/wp\/v2\/pages\/68"}],"collection":[{"href":"https:\/\/www.kkdikturkey.com\/index.php\/wp-json\/wp\/v2\/pages"}],"about":[{"href":"https:\/\/www.kkdikturkey.com\/index.php\/wp-json\/wp\/v2\/types\/page"}],"author":[{"embeddable":true,"href":"https:\/\/www.kkdikturkey.com\/index.php\/wp-json\/wp\/v2\/users\/1"}],"replies":[{"embeddable":true,"href":"https:\/\/www.kkdikturkey.com\/index.php\/wp-json\/wp\/v2\/comments?post=68"}],"version-history":[{"count":11,"href":"https:\/\/www.kkdikturkey.com\/index.php\/wp-json\/wp\/v2\/pages\/68\/revisions"}],"predecessor-version":[{"id":433,"href":"https:\/\/www.kkdikturkey.com\/index.php\/wp-json\/wp\/v2\/pages\/68\/revisions\/433"}],"wp:attachment":[{"href":"https:\/\/www.kkdikturkey.com\/index.php\/wp-json\/wp\/v2\/media?parent=68"}],"curies":[{"name":"wp","href":"https:\/\/api.w.org\/{rel}","templated":true}]}}