{"id":64,"date":"2019-09-10T22:25:36","date_gmt":"2019-09-10T22:25:36","guid":{"rendered":"https:\/\/www.kkdikturkey.com\/?page_id=64"},"modified":"2025-02-15T14:31:53","modified_gmt":"2025-02-15T14:31:53","slug":"kkdik-pre-registration-service","status":"publish","type":"page","link":"https:\/\/www.kkdikturkey.com\/index.php\/kkdik-pre-registration-service\/","title":{"rendered":"KKDIK Pre-Registration Services"},"content":{"rendered":"\n<p>On June 23, 2017 <a href=\"https:\/\/www.kkdikturkey.com\/index.php\/kkdik-turkey\/\">KKDIK <\/a>&#8211;<a href=\"https:\/\/www.kkdikturkey.com\/index.php\/kkdik-treach-turkish-reach\/\"> Turkish REACH regulation<\/a> was published by the&nbsp; Turkish Republic Ministry of Environment in the Official Gazette No. 30105 and came&nbsp;into force on December 23, 2017.\u200b  KKDIK Pre-Registration Service<\/p>\n\n\n\n<p>KKDIK has been prepared on the basis of EU REACH Regulation&nbsp;and adapted to the Turkish Industry within the frame of compliance with the legislation of the European Union.\u200b<\/p>\n\n\n\n<p>Registration, Restriction and Permission are similar processes within the scope of&nbsp;  KKDIK &#8211; Turkish REACH.\u200b<\/p>\n\n\n\n<p>Registration within the scope of KKDIK are divided into two process named as Pre-Registration&nbsp;and&nbsp;Registration<\/p>\n\n\n\n<p>European REACH&nbsp;registration of substances shall not be applied in Turkey. Therefore, these substances should be registered under the KKDIK again.\u200b<\/p>\n\n\n\n<p>The first step, the KKDIK Pre-Registration Process, will be held between 23 December 2017 to 31 December 2020. After the pre-registration process will be completed on 31 December 2020, the registration process will start.<\/p>\n\n\n\n<p>We can brief critical dates for these processes as below;<\/p>\n\n\n\n<figure class=\"wp-block-table\"><table><tbody><tr><td>Substances<\/td><td>Deadlines<\/td><\/tr><tr><td>* 1000 t\/a and above<\/td><td rowspan=\"2\">31 December 2026<\/td><\/tr><tr><td>* between 100 \u2013 1000 t\/a and classified as aquatic acute 1\/ aquatic chronic 1<\/td><\/tr><tr><td>* 1 \u2013 10 t\/a, 10 \u2013 100 t\/a, 100 \u2013 1000 t\/a and classified as CMR category 1A\/1B<\/td><td rowspan=\"2\">31 December 2028<\/td><\/tr><tr><td>* between 100 \u2013 1000 t\/a<\/td><\/tr><tr><td>* 1 \u2013 10 t\/a, 10 \u2013 100 t\/a<\/td><td>31 December 2030<\/td><\/tr><\/tbody><\/table><\/figure>\n\n\n\n<h2>KKDIK Registrations:<\/h2>\n\n\n\n<p>In order to prepare for the registration process, the process defined as the pre-registration process is called the pre-Substance Information Exchange forum (pre-SIEF) in the KKDIK regulation.<\/p>\n\n\n\n<p>Some of the relevant articles for Pre-Registration, that are mentioned as Pre-Substance Information Exchange Forum (pre-SIEF) in the KKDIK Regulation, are specified as follows;<\/p>\n\n\n\n<h3><Transitional Provisions<\/h3>\n\n\n\n<p>TRANSITIONAL ARTICLE 1- (1)&nbsp;All registrants, shall send a pre-SIEF including below mentioned information to the Ministry through Chemicals Registration System in the website of Ministry until 31\/12\/2020:<br>a) Substance identity according to Annex-6;<br>b) Role in the supply chain\u200b<\/p>\n\n\n\n<p>Entry into Force<\/p>\n\n\n\n<p>ARTICLE 66- (1) \u00e7)&nbsp;All other provisions will enter into force 6 months later the date of its publication on the Official Gazette.<br>As stated in the KKDIK Regulation, it is obligatory to submit Pre-SIEF (Pre-Registration) for chemical substances with registration obligation under the scope of KKDIK. This obligation comes into force as of December 23, 2017. The deadline for submission of the Pre-SIEF to the Ministry&#8217;s assessment is 31 December 2020.<\/p>\n\n\n\n<p>There is a Pre-Registration \/ Registration obligations for substances manufactured or imported in 1 ton or more per year in its own form or in the mixture.<\/p>\n\n\n<div class=\"wp-block-image\">\n<figure class=\"aligncenter size-large\"><a href=\"https:\/\/www.dgroute.com\/en\/t_reach_only_representative_kkdik.html\"><img loading=\"lazy\" decoding=\"async\" width=\"334\" height=\"137\" src=\"https:\/\/www.kkdikturkey.com\/wp-content\/uploads\/2020\/04\/kkdik-logo.png\" alt=\"Turkish REACH Regulation\" class=\"wp-image-142\" srcset=\"https:\/\/www.kkdikturkey.com\/wp-content\/uploads\/2020\/04\/kkdik-logo.png 334w, https:\/\/www.kkdikturkey.com\/wp-content\/uploads\/2020\/04\/kkdik-logo-300x123.png 300w\" sizes=\"(max-width: 334px) 100vw, 334px\" \/><\/a><\/figure><\/div>\n\n\n<p><a href=\"https:\/\/www.dgroute.com\/en\/iletisim.html\">Do not hesitate to contact us for comprehensive information and offer about KKDIK Pre-Registration Service and Turkish REACH Regulations. <\/a><\/p>\n","protected":false},"excerpt":{"rendered":"<p>On June 23, 2017 KKDIK &#8211; Turkish REACH regulation was published by the&nbsp; Turkish Republic Ministry of Environment in the Official Gazette No. 30105 and came&nbsp;into force on December 23, 2017.\u200b KKDIK Pre-Registration Service KKDIK has been prepared on the basis of EU REACH Regulation&nbsp;and adapted to the Turkish Industry within the frame of compliance [&hellip;]<\/p>\n","protected":false},"author":1,"featured_media":0,"parent":0,"menu_order":0,"comment_status":"closed","ping_status":"closed","template":"attachment.php","meta":{"_mi_skip_tracking":false,"_monsterinsights_sitenote_active":false,"_monsterinsights_sitenote_note":"","_monsterinsights_sitenote_category":0,"footnotes":""},"yoast_head":"<!-- This site is optimized with the Yoast SEO plugin v21.5 - https:\/\/yoast.com\/wordpress\/plugins\/seo\/ -->\n<title>KKDIK Pre-Registration Service pre-sief &amp; sief Process.<\/title>\n<meta name=\"description\" content=\"KKDIK Pre-Registration Service; Process, which is the first step, will be realized between the dates 23 December 2017 and 31 December 2020.\" \/>\n<meta name=\"robots\" content=\"index, follow, max-snippet:-1, max-image-preview:large, max-video-preview:-1\" \/>\n<link rel=\"canonical\" href=\"https:\/\/www.kkdikturkey.com\/index.php\/kkdik-pre-registration-service\/\" \/>\n<meta property=\"og:locale\" content=\"tr_TR\" \/>\n<meta property=\"og:type\" content=\"article\" \/>\n<meta property=\"og:title\" content=\"KKDIK Pre-Registration Service pre-sief &amp; sief Process.\" \/>\n<meta property=\"og:description\" content=\"KKDIK Pre-Registration Service; Process, which is the first step, will be realized between the dates 23 December 2017 and 31 December 2020.\" \/>\n<meta property=\"og:url\" content=\"https:\/\/www.kkdikturkey.com\/index.php\/kkdik-pre-registration-service\/\" \/>\n<meta property=\"og:site_name\" content=\"TURKISH REACH - KKDIK\" \/>\n<meta property=\"article:modified_time\" content=\"2025-02-15T14:31:53+00:00\" \/>\n<meta property=\"og:image\" content=\"https:\/\/www.kkdikturkey.com\/wp-content\/uploads\/2020\/04\/kkdik-logo.png\" \/>\n<meta name=\"twitter:card\" content=\"summary_large_image\" \/>\n<meta name=\"twitter:label1\" content=\"Tahmini okuma s\u00fcresi\" \/>\n\t<meta name=\"twitter:data1\" content=\"3 dakika\" \/>\n<script type=\"application\/ld+json\" class=\"yoast-schema-graph\">{\"@context\":\"https:\/\/schema.org\",\"@graph\":[{\"@type\":\"WebPage\",\"@id\":\"https:\/\/www.kkdikturkey.com\/index.php\/kkdik-pre-registration-service\/\",\"url\":\"https:\/\/www.kkdikturkey.com\/index.php\/kkdik-pre-registration-service\/\",\"name\":\"KKDIK Pre-Registration Service pre-sief & sief Process.\",\"isPartOf\":{\"@id\":\"https:\/\/www.kkdikturkey.com\/#website\"},\"datePublished\":\"2019-09-10T22:25:36+00:00\",\"dateModified\":\"2025-02-15T14:31:53+00:00\",\"description\":\"KKDIK Pre-Registration Service; Process, which is the first step, will be realized between the dates 23 December 2017 and 31 December 2020.\",\"breadcrumb\":{\"@id\":\"https:\/\/www.kkdikturkey.com\/index.php\/kkdik-pre-registration-service\/#breadcrumb\"},\"inLanguage\":\"tr\",\"potentialAction\":[{\"@type\":\"ReadAction\",\"target\":[\"https:\/\/www.kkdikturkey.com\/index.php\/kkdik-pre-registration-service\/\"]}]},{\"@type\":\"BreadcrumbList\",\"@id\":\"https:\/\/www.kkdikturkey.com\/index.php\/kkdik-pre-registration-service\/#breadcrumb\",\"itemListElement\":[{\"@type\":\"ListItem\",\"position\":1,\"name\":\"Ana sayfa\",\"item\":\"https:\/\/www.kkdikturkey.com\/\"},{\"@type\":\"ListItem\",\"position\":2,\"name\":\"KKDIK Pre-Registration Services\"}]},{\"@type\":\"WebSite\",\"@id\":\"https:\/\/www.kkdikturkey.com\/#website\",\"url\":\"https:\/\/www.kkdikturkey.com\/\",\"name\":\"TURKISH REACH - KKDIK\",\"description\":\"KKDIK Only Representative Turkey, Turkish REACH Regulation Services, KKDIK pre registration, pre-sief\",\"publisher\":{\"@id\":\"https:\/\/www.kkdikturkey.com\/#organization\"},\"potentialAction\":[{\"@type\":\"SearchAction\",\"target\":{\"@type\":\"EntryPoint\",\"urlTemplate\":\"https:\/\/www.kkdikturkey.com\/?s={search_term_string}\"},\"query-input\":\"required name=search_term_string\"}],\"inLanguage\":\"tr\"},{\"@type\":\"Organization\",\"@id\":\"https:\/\/www.kkdikturkey.com\/#organization\",\"name\":\"ROUTE YAZILIM ve DANI\u015eMANLIK SAN VE T\u0130C. LTD. \u015eT\u0130.\",\"url\":\"https:\/\/www.kkdikturkey.com\/\",\"logo\":{\"@type\":\"ImageObject\",\"inLanguage\":\"tr\",\"@id\":\"https:\/\/www.kkdikturkey.com\/#\/schema\/logo\/image\/\",\"url\":\"https:\/\/www.kkdikturkey.com\/wp-content\/uploads\/2019\/09\/logokare.jpg\",\"contentUrl\":\"https:\/\/www.kkdikturkey.com\/wp-content\/uploads\/2019\/09\/logokare.jpg\",\"width\":1181,\"height\":1181,\"caption\":\"ROUTE YAZILIM ve DANI\u015eMANLIK SAN VE T\u0130C. LTD. \u015eT\u0130.\"},\"image\":{\"@id\":\"https:\/\/www.kkdikturkey.com\/#\/schema\/logo\/image\/\"}}]}<\/script>\n<!-- \/ Yoast SEO plugin. -->","yoast_head_json":{"title":"KKDIK Pre-Registration Service pre-sief & sief Process.","description":"KKDIK Pre-Registration Service; Process, which is the first step, will be realized between the dates 23 December 2017 and 31 December 2020.","robots":{"index":"index","follow":"follow","max-snippet":"max-snippet:-1","max-image-preview":"max-image-preview:large","max-video-preview":"max-video-preview:-1"},"canonical":"https:\/\/www.kkdikturkey.com\/index.php\/kkdik-pre-registration-service\/","og_locale":"tr_TR","og_type":"article","og_title":"KKDIK Pre-Registration Service pre-sief & sief Process.","og_description":"KKDIK Pre-Registration Service; Process, which is the first step, will be realized between the dates 23 December 2017 and 31 December 2020.","og_url":"https:\/\/www.kkdikturkey.com\/index.php\/kkdik-pre-registration-service\/","og_site_name":"TURKISH REACH - KKDIK","article_modified_time":"2025-02-15T14:31:53+00:00","og_image":[{"url":"https:\/\/www.kkdikturkey.com\/wp-content\/uploads\/2020\/04\/kkdik-logo.png"}],"twitter_card":"summary_large_image","twitter_misc":{"Tahmini okuma s\u00fcresi":"3 dakika"},"schema":{"@context":"https:\/\/schema.org","@graph":[{"@type":"WebPage","@id":"https:\/\/www.kkdikturkey.com\/index.php\/kkdik-pre-registration-service\/","url":"https:\/\/www.kkdikturkey.com\/index.php\/kkdik-pre-registration-service\/","name":"KKDIK Pre-Registration Service pre-sief & sief Process.","isPartOf":{"@id":"https:\/\/www.kkdikturkey.com\/#website"},"datePublished":"2019-09-10T22:25:36+00:00","dateModified":"2025-02-15T14:31:53+00:00","description":"KKDIK Pre-Registration Service; Process, which is the first step, will be realized between the dates 23 December 2017 and 31 December 2020.","breadcrumb":{"@id":"https:\/\/www.kkdikturkey.com\/index.php\/kkdik-pre-registration-service\/#breadcrumb"},"inLanguage":"tr","potentialAction":[{"@type":"ReadAction","target":["https:\/\/www.kkdikturkey.com\/index.php\/kkdik-pre-registration-service\/"]}]},{"@type":"BreadcrumbList","@id":"https:\/\/www.kkdikturkey.com\/index.php\/kkdik-pre-registration-service\/#breadcrumb","itemListElement":[{"@type":"ListItem","position":1,"name":"Ana sayfa","item":"https:\/\/www.kkdikturkey.com\/"},{"@type":"ListItem","position":2,"name":"KKDIK Pre-Registration Services"}]},{"@type":"WebSite","@id":"https:\/\/www.kkdikturkey.com\/#website","url":"https:\/\/www.kkdikturkey.com\/","name":"TURKISH REACH - KKDIK","description":"KKDIK Only Representative Turkey, Turkish REACH Regulation Services, KKDIK pre registration, pre-sief","publisher":{"@id":"https:\/\/www.kkdikturkey.com\/#organization"},"potentialAction":[{"@type":"SearchAction","target":{"@type":"EntryPoint","urlTemplate":"https:\/\/www.kkdikturkey.com\/?s={search_term_string}"},"query-input":"required name=search_term_string"}],"inLanguage":"tr"},{"@type":"Organization","@id":"https:\/\/www.kkdikturkey.com\/#organization","name":"ROUTE YAZILIM ve DANI\u015eMANLIK SAN VE T\u0130C. LTD. \u015eT\u0130.","url":"https:\/\/www.kkdikturkey.com\/","logo":{"@type":"ImageObject","inLanguage":"tr","@id":"https:\/\/www.kkdikturkey.com\/#\/schema\/logo\/image\/","url":"https:\/\/www.kkdikturkey.com\/wp-content\/uploads\/2019\/09\/logokare.jpg","contentUrl":"https:\/\/www.kkdikturkey.com\/wp-content\/uploads\/2019\/09\/logokare.jpg","width":1181,"height":1181,"caption":"ROUTE YAZILIM ve DANI\u015eMANLIK SAN VE T\u0130C. LTD. \u015eT\u0130."},"image":{"@id":"https:\/\/www.kkdikturkey.com\/#\/schema\/logo\/image\/"}}]}},"_links":{"self":[{"href":"https:\/\/www.kkdikturkey.com\/index.php\/wp-json\/wp\/v2\/pages\/64"}],"collection":[{"href":"https:\/\/www.kkdikturkey.com\/index.php\/wp-json\/wp\/v2\/pages"}],"about":[{"href":"https:\/\/www.kkdikturkey.com\/index.php\/wp-json\/wp\/v2\/types\/page"}],"author":[{"embeddable":true,"href":"https:\/\/www.kkdikturkey.com\/index.php\/wp-json\/wp\/v2\/users\/1"}],"replies":[{"embeddable":true,"href":"https:\/\/www.kkdikturkey.com\/index.php\/wp-json\/wp\/v2\/comments?post=64"}],"version-history":[{"count":14,"href":"https:\/\/www.kkdikturkey.com\/index.php\/wp-json\/wp\/v2\/pages\/64\/revisions"}],"predecessor-version":[{"id":438,"href":"https:\/\/www.kkdikturkey.com\/index.php\/wp-json\/wp\/v2\/pages\/64\/revisions\/438"}],"wp:attachment":[{"href":"https:\/\/www.kkdikturkey.com\/index.php\/wp-json\/wp\/v2\/media?parent=64"}],"curies":[{"name":"wp","href":"https:\/\/api.w.org\/{rel}","templated":true}]}}