{"id":61,"date":"2019-09-10T22:26:33","date_gmt":"2019-09-10T22:26:33","guid":{"rendered":"https:\/\/www.kkdikturkey.com\/?page_id=61"},"modified":"2025-02-15T14:32:38","modified_gmt":"2025-02-15T14:32:38","slug":"kkdik-registration-services","status":"publish","type":"page","link":"https:\/\/www.kkdikturkey.com\/index.php\/kkdik-registration-services\/","title":{"rendered":"KKDIK SIEF Management"},"content":{"rendered":"\n<p>\u200b\u200bYou are obliged to communicate on several issues in the supply chain and respectively in the  SIEF (MBDF) under <a href=\"https:\/\/www.kkdikturkey.com\/index.php\/kkdik-treach-turkish-reach\/\">KKD\u0130K regulation<\/a>.\u200b SIEF management is also offered under KKDIK registration services<\/p>\n\n\n\n<h2 class=\"wp-block-heading\"> KKDIK registration services <\/h2>\n\n\n\n<p>DGROUTE, KKDIK registration services provide full support for the requirements of KKDIK registration.  We offer a special service for KKD\u0130K registration, pre-registration (pre-SIEF), SIEF participation, actors communication with supply chain, exposure scenarios, risk assessments, technical dossier preparation, chemical safety assessments (CSA), chemical safety reports (CSR) including for any stage of companies.<\/p>\n\n\n\n<p>The principle is \u201cone substance, one registration\u201d.<br>During joint submission process, the lead registrant or KKD\u0130K (Turk REACH) consortium will do most of the work such as data collection, development of technical dossier and Chemical Safety Report (CSR), and submission of joint registration dossier to CRS.<\/p>\n\n\n\n<p>Other co-registrants only need to pay the lead registrant or consortium a fee to refer to the joint registration dossier and then prepare the individual part of the registration dossier in Turkey Chemical Registration System.<\/p>\n\n\n\n<p>In SIEF communication, quite a number of information especially relating to data needs to be collected from or fed back to pre-SIEF and&nbsp;co-registrants. You also need to agree on the substance Identify, the Lead registrant, on the classification and labelling, and crucial information needs to be communicated to the authorities.<\/p>\n\n\n\n<p><a href=\"https:\/\/www.dgroute.com\/en\/t_reach_only_representative_kkdik.html\">DGROUTE<\/a> helps you find out the intentions of your co-registrants, and it guarantees the best approach to contacting downstream users to gather information. It helps you store all communication and make sure information previously distributed is available, and communicate to the authorities, including MoEU and its different bodies.<a rel=\"noreferrer noopener\" href=\"http:\/\/www.reachcentrum.eu\/services.html#\" target=\"_blank\">\u200b<\/a><\/p>\n\n\n\n<p>MBDF :  Madde Bilgi De\u011fi\u015fim Forumu <\/p>\n\n\n\n<p><a href=\"https:\/\/www.kkdikturkey.com\/index.php\/kkdik-turkey\/\">KKD\u0130K :  K\u0130MYASALLARIN KAYDI, DE\u011eERLEND\u0130R\u0130LMES\u0130, \u0130ZN\u0130 VE KISITLANMASI (Registration, Evaluation, Authorization and Restriction of Chemicals) <\/a><\/p>\n\n\n\n<p>SIEF : Substance Information Exchange Forum <\/p>\n\n\n<div class=\"wp-block-image\">\n<figure class=\"aligncenter size-large\"><img loading=\"lazy\" decoding=\"async\" width=\"334\" height=\"137\" src=\"https:\/\/www.kkdikturkey.com\/wp-content\/uploads\/2020\/04\/kkdik-logo.png\" alt=\"Turkish REACH Regulation\" class=\"wp-image-142\" srcset=\"https:\/\/www.kkdikturkey.com\/wp-content\/uploads\/2020\/04\/kkdik-logo.png 334w, https:\/\/www.kkdikturkey.com\/wp-content\/uploads\/2020\/04\/kkdik-logo-300x123.png 300w\" sizes=\"(max-width: 334px) 100vw, 334px\" \/><\/figure><\/div>\n\n\n<p><a href=\"https:\/\/www.dgroute.com\/en\/iletisim.html\">Do not hesitate to contact us for comprehensive information and offer about KKDIK registration services and Turkish REACH Regulations.<\/a> <\/p>\n\n\n<div class=\"wp-block-image\">\n<figure class=\"aligncenter size-large is-resized\"><img loading=\"lazy\" decoding=\"async\" width=\"1024\" height=\"1024\" src=\"https:\/\/www.kkdikturkey.com\/wp-content\/uploads\/2019\/09\/logokare-1024x1024.jpg\" alt=\"Chemical Legistation\" class=\"wp-image-9\" style=\"width:206px;height:206px\" srcset=\"https:\/\/www.kkdikturkey.com\/wp-content\/uploads\/2019\/09\/logokare-1024x1024.jpg 1024w, https:\/\/www.kkdikturkey.com\/wp-content\/uploads\/2019\/09\/logokare-150x150.jpg 150w, https:\/\/www.kkdikturkey.com\/wp-content\/uploads\/2019\/09\/logokare-300x300.jpg 300w, https:\/\/www.kkdikturkey.com\/wp-content\/uploads\/2019\/09\/logokare-768x768.jpg 768w, https:\/\/www.kkdikturkey.com\/wp-content\/uploads\/2019\/09\/logokare.jpg 1181w\" sizes=\"(max-width: 1024px) 100vw, 1024px\" \/><\/figure><\/div>","protected":false},"excerpt":{"rendered":"<p>\u200b\u200bYou are obliged to communicate on several issues in the supply chain and respectively in the SIEF (MBDF) under KKD\u0130K regulation.\u200b SIEF management is also offered under KKDIK registration services KKDIK registration services DGROUTE, KKDIK registration services provide full support for the requirements of KKDIK registration. We offer a special service for KKD\u0130K registration, pre-registration [&hellip;]<\/p>\n","protected":false},"author":1,"featured_media":0,"parent":0,"menu_order":0,"comment_status":"closed","ping_status":"closed","template":"attachment.php","meta":{"_mi_skip_tracking":false,"_monsterinsights_sitenote_active":false,"_monsterinsights_sitenote_note":"","_monsterinsights_sitenote_category":0,"footnotes":""},"yoast_head":"<!-- This site is optimized with the Yoast SEO plugin v21.5 - https:\/\/yoast.com\/wordpress\/plugins\/seo\/ -->\n<title>KKDIK registration services PRE-SIEF &amp; SIEF MANAGEMENT<\/title>\n<meta name=\"description\" content=\"Only Representative Services, KKDIK Registration Services and you can contact us for detailed information about the current Turkish legislation.\" \/>\n<meta name=\"robots\" content=\"index, follow, max-snippet:-1, max-image-preview:large, max-video-preview:-1\" \/>\n<link rel=\"canonical\" href=\"https:\/\/www.kkdikturkey.com\/index.php\/kkdik-registration-services\/\" \/>\n<meta property=\"og:locale\" content=\"tr_TR\" \/>\n<meta property=\"og:type\" content=\"article\" \/>\n<meta property=\"og:title\" content=\"KKDIK registration services PRE-SIEF &amp; SIEF MANAGEMENT\" \/>\n<meta property=\"og:description\" content=\"Only Representative Services, KKDIK Registration Services and you can contact us for detailed information about the current Turkish legislation.\" \/>\n<meta property=\"og:url\" content=\"https:\/\/www.kkdikturkey.com\/index.php\/kkdik-registration-services\/\" \/>\n<meta property=\"og:site_name\" content=\"TURKISH REACH - KKDIK\" \/>\n<meta property=\"article:modified_time\" content=\"2025-02-15T14:32:38+00:00\" \/>\n<meta property=\"og:image\" content=\"https:\/\/www.kkdikturkey.com\/wp-content\/uploads\/2020\/04\/kkdik-logo.png\" \/>\n<meta name=\"twitter:card\" content=\"summary_large_image\" \/>\n<meta name=\"twitter:label1\" content=\"Tahmini okuma s\u00fcresi\" \/>\n\t<meta name=\"twitter:data1\" content=\"3 dakika\" \/>\n<script type=\"application\/ld+json\" class=\"yoast-schema-graph\">{\"@context\":\"https:\/\/schema.org\",\"@graph\":[{\"@type\":\"WebPage\",\"@id\":\"https:\/\/www.kkdikturkey.com\/index.php\/kkdik-registration-services\/\",\"url\":\"https:\/\/www.kkdikturkey.com\/index.php\/kkdik-registration-services\/\",\"name\":\"KKDIK registration services PRE-SIEF & SIEF MANAGEMENT\",\"isPartOf\":{\"@id\":\"https:\/\/www.kkdikturkey.com\/#website\"},\"datePublished\":\"2019-09-10T22:26:33+00:00\",\"dateModified\":\"2025-02-15T14:32:38+00:00\",\"description\":\"Only Representative Services, KKDIK Registration Services and you can contact us for detailed information about the current Turkish legislation.\",\"breadcrumb\":{\"@id\":\"https:\/\/www.kkdikturkey.com\/index.php\/kkdik-registration-services\/#breadcrumb\"},\"inLanguage\":\"tr\",\"potentialAction\":[{\"@type\":\"ReadAction\",\"target\":[\"https:\/\/www.kkdikturkey.com\/index.php\/kkdik-registration-services\/\"]}]},{\"@type\":\"BreadcrumbList\",\"@id\":\"https:\/\/www.kkdikturkey.com\/index.php\/kkdik-registration-services\/#breadcrumb\",\"itemListElement\":[{\"@type\":\"ListItem\",\"position\":1,\"name\":\"Ana sayfa\",\"item\":\"https:\/\/www.kkdikturkey.com\/\"},{\"@type\":\"ListItem\",\"position\":2,\"name\":\"KKDIK SIEF Management\"}]},{\"@type\":\"WebSite\",\"@id\":\"https:\/\/www.kkdikturkey.com\/#website\",\"url\":\"https:\/\/www.kkdikturkey.com\/\",\"name\":\"TURKISH REACH - KKDIK\",\"description\":\"KKDIK Only Representative Turkey, Turkish REACH Regulation Services, KKDIK pre registration, pre-sief\",\"publisher\":{\"@id\":\"https:\/\/www.kkdikturkey.com\/#organization\"},\"potentialAction\":[{\"@type\":\"SearchAction\",\"target\":{\"@type\":\"EntryPoint\",\"urlTemplate\":\"https:\/\/www.kkdikturkey.com\/?s={search_term_string}\"},\"query-input\":\"required name=search_term_string\"}],\"inLanguage\":\"tr\"},{\"@type\":\"Organization\",\"@id\":\"https:\/\/www.kkdikturkey.com\/#organization\",\"name\":\"ROUTE YAZILIM ve DANI\u015eMANLIK SAN VE T\u0130C. LTD. \u015eT\u0130.\",\"url\":\"https:\/\/www.kkdikturkey.com\/\",\"logo\":{\"@type\":\"ImageObject\",\"inLanguage\":\"tr\",\"@id\":\"https:\/\/www.kkdikturkey.com\/#\/schema\/logo\/image\/\",\"url\":\"https:\/\/www.kkdikturkey.com\/wp-content\/uploads\/2019\/09\/logokare.jpg\",\"contentUrl\":\"https:\/\/www.kkdikturkey.com\/wp-content\/uploads\/2019\/09\/logokare.jpg\",\"width\":1181,\"height\":1181,\"caption\":\"ROUTE YAZILIM ve DANI\u015eMANLIK SAN VE T\u0130C. LTD. \u015eT\u0130.\"},\"image\":{\"@id\":\"https:\/\/www.kkdikturkey.com\/#\/schema\/logo\/image\/\"}}]}<\/script>\n<!-- \/ Yoast SEO plugin. -->","yoast_head_json":{"title":"KKDIK registration services PRE-SIEF & SIEF MANAGEMENT","description":"Only Representative Services, KKDIK Registration Services and you can contact us for detailed information about the current Turkish legislation.","robots":{"index":"index","follow":"follow","max-snippet":"max-snippet:-1","max-image-preview":"max-image-preview:large","max-video-preview":"max-video-preview:-1"},"canonical":"https:\/\/www.kkdikturkey.com\/index.php\/kkdik-registration-services\/","og_locale":"tr_TR","og_type":"article","og_title":"KKDIK registration services PRE-SIEF & SIEF MANAGEMENT","og_description":"Only Representative Services, KKDIK Registration Services and you can contact us for detailed information about the current Turkish legislation.","og_url":"https:\/\/www.kkdikturkey.com\/index.php\/kkdik-registration-services\/","og_site_name":"TURKISH REACH - KKDIK","article_modified_time":"2025-02-15T14:32:38+00:00","og_image":[{"url":"https:\/\/www.kkdikturkey.com\/wp-content\/uploads\/2020\/04\/kkdik-logo.png"}],"twitter_card":"summary_large_image","twitter_misc":{"Tahmini okuma s\u00fcresi":"3 dakika"},"schema":{"@context":"https:\/\/schema.org","@graph":[{"@type":"WebPage","@id":"https:\/\/www.kkdikturkey.com\/index.php\/kkdik-registration-services\/","url":"https:\/\/www.kkdikturkey.com\/index.php\/kkdik-registration-services\/","name":"KKDIK registration services PRE-SIEF & SIEF MANAGEMENT","isPartOf":{"@id":"https:\/\/www.kkdikturkey.com\/#website"},"datePublished":"2019-09-10T22:26:33+00:00","dateModified":"2025-02-15T14:32:38+00:00","description":"Only Representative Services, KKDIK Registration Services and you can contact us for detailed information about the current Turkish legislation.","breadcrumb":{"@id":"https:\/\/www.kkdikturkey.com\/index.php\/kkdik-registration-services\/#breadcrumb"},"inLanguage":"tr","potentialAction":[{"@type":"ReadAction","target":["https:\/\/www.kkdikturkey.com\/index.php\/kkdik-registration-services\/"]}]},{"@type":"BreadcrumbList","@id":"https:\/\/www.kkdikturkey.com\/index.php\/kkdik-registration-services\/#breadcrumb","itemListElement":[{"@type":"ListItem","position":1,"name":"Ana sayfa","item":"https:\/\/www.kkdikturkey.com\/"},{"@type":"ListItem","position":2,"name":"KKDIK SIEF Management"}]},{"@type":"WebSite","@id":"https:\/\/www.kkdikturkey.com\/#website","url":"https:\/\/www.kkdikturkey.com\/","name":"TURKISH REACH - KKDIK","description":"KKDIK Only Representative Turkey, Turkish REACH Regulation Services, KKDIK pre registration, pre-sief","publisher":{"@id":"https:\/\/www.kkdikturkey.com\/#organization"},"potentialAction":[{"@type":"SearchAction","target":{"@type":"EntryPoint","urlTemplate":"https:\/\/www.kkdikturkey.com\/?s={search_term_string}"},"query-input":"required name=search_term_string"}],"inLanguage":"tr"},{"@type":"Organization","@id":"https:\/\/www.kkdikturkey.com\/#organization","name":"ROUTE YAZILIM ve DANI\u015eMANLIK SAN VE T\u0130C. LTD. \u015eT\u0130.","url":"https:\/\/www.kkdikturkey.com\/","logo":{"@type":"ImageObject","inLanguage":"tr","@id":"https:\/\/www.kkdikturkey.com\/#\/schema\/logo\/image\/","url":"https:\/\/www.kkdikturkey.com\/wp-content\/uploads\/2019\/09\/logokare.jpg","contentUrl":"https:\/\/www.kkdikturkey.com\/wp-content\/uploads\/2019\/09\/logokare.jpg","width":1181,"height":1181,"caption":"ROUTE YAZILIM ve DANI\u015eMANLIK SAN VE T\u0130C. LTD. \u015eT\u0130."},"image":{"@id":"https:\/\/www.kkdikturkey.com\/#\/schema\/logo\/image\/"}}]}},"_links":{"self":[{"href":"https:\/\/www.kkdikturkey.com\/index.php\/wp-json\/wp\/v2\/pages\/61"}],"collection":[{"href":"https:\/\/www.kkdikturkey.com\/index.php\/wp-json\/wp\/v2\/pages"}],"about":[{"href":"https:\/\/www.kkdikturkey.com\/index.php\/wp-json\/wp\/v2\/types\/page"}],"author":[{"embeddable":true,"href":"https:\/\/www.kkdikturkey.com\/index.php\/wp-json\/wp\/v2\/users\/1"}],"replies":[{"embeddable":true,"href":"https:\/\/www.kkdikturkey.com\/index.php\/wp-json\/wp\/v2\/comments?post=61"}],"version-history":[{"count":12,"href":"https:\/\/www.kkdikturkey.com\/index.php\/wp-json\/wp\/v2\/pages\/61\/revisions"}],"predecessor-version":[{"id":439,"href":"https:\/\/www.kkdikturkey.com\/index.php\/wp-json\/wp\/v2\/pages\/61\/revisions\/439"}],"wp:attachment":[{"href":"https:\/\/www.kkdikturkey.com\/index.php\/wp-json\/wp\/v2\/media?parent=61"}],"curies":[{"name":"wp","href":"https:\/\/api.w.org\/{rel}","templated":true}]}}