{"id":59,"date":"2019-09-10T22:18:01","date_gmt":"2019-09-10T22:18:01","guid":{"rendered":"https:\/\/www.kkdikturkey.com\/?page_id=59"},"modified":"2025-02-15T14:27:48","modified_gmt":"2025-02-15T14:27:48","slug":"kkdik-t-reach","status":"publish","type":"page","link":"https:\/\/www.kkdikturkey.com\/index.php\/kkdik-t-reach\/","title":{"rendered":"KKDIK (T-REACH) Only Representative Services"},"content":{"rendered":"\n<p>A non-Turkish company cannot register substances under <a href=\"https:\/\/www.dgroute.com\/en\/iletisim.html\">KKDIK (T-REACH)<\/a>. But they can appoint an <a href=\"https:\/\/www.dgroute.com\/en\/iletisim.html\">Only Representative<\/a> who\u00a0is\u00a0legally responsible for ensuring\u00a0its non-Turkish companies substances are compliant with KKDIK. The appointment of an Only Representative has many advantages for the non-Turkish manufacturer:<\/p>\n\n\n\n<p>\u200b<\/p>\n\n\n\n<ul>\n<li>An independent third party takes on all obligations of the importers under KKDIK (T-REACH) . The Importers then become downstream users.<\/li>\n\n\n\n<li>If an importer registers a product the importing company will own the registration. It may then be more difficult for the manufacturer to expand or change the route to the Turkish market. With an OR the non-Turkish manufacturer owns the registration and can therefore export to as many different Turkish importers as they want.<\/li>\n\n\n\n<li>If an importer changes supplier the non-Turkish manufacturer may lose access to the Turkish market.<\/li>\n<\/ul>\n\n\n\n<p>\u200b<\/p>\n\n\n\n<h2 class=\"wp-block-heading\">Turkish REACH Regulation<\/h2>\n\n\n\n<p>For&nbsp;substances the Only Representative will&nbsp;make, subject to certain conditions being fulfilled, a late&nbsp;pre-registration to the Ministry of Environment. The submission of a late pre-registration&nbsp;permits&nbsp;a non-Turkish manufactuer to supply into the Turkish and take advantage&nbsp;of the extended registration deadline program.&nbsp;Subsequently the Only Representative undertakes all&nbsp;duties as are necessary to maintain KKDIK compliance, including&nbsp;documentation, record keeping and&nbsp;preparation and submission of&nbsp;a registration dossier.<\/p>\n\n\n\n<p>\u200bFor&nbsp;substances the Only Representative will prepare&nbsp;an inquiry dossier and negotiate with MoEU or data holders to gain access to&nbsp;the data required to complete&nbsp;a registration. If any testing is prescribed by KKDIK (T-REACH)  the Only Representative will organise and monitor this testing to ensure compliance. The Only Representative will prepare and submit the registration dossier to MoE. OR will be the first contact for any communication from MoEU or Member State Competent Authorities.\u200b<\/p>\n\n\n<div class=\"wp-block-image\">\n<figure class=\"aligncenter size-large is-resized\"><a href=\"https:\/\/www.kkdikturkey.com\/index.php\/what-is-kkdik-or\/\"><img loading=\"lazy\" decoding=\"async\" width=\"334\" height=\"137\" src=\"https:\/\/www.kkdikturkey.com\/wp-content\/uploads\/2020\/04\/kkdik-logo.png\" alt=\"Turkish REACH Regulation\" class=\"wp-image-142\" style=\"width:334px;height:137px\" srcset=\"https:\/\/www.kkdikturkey.com\/wp-content\/uploads\/2020\/04\/kkdik-logo.png 334w, https:\/\/www.kkdikturkey.com\/wp-content\/uploads\/2020\/04\/kkdik-logo-300x123.png 300w\" sizes=\"(max-width: 334px) 100vw, 334px\" \/><\/a><\/figure><\/div>\n\n\n<p><a href=\"https:\/\/www.kkdikturkey.com\/index.php\/contact-2\/\">Do not hesitate to contact us for comprehensive information and offer about Only Representative(OR services) and Turkish REACH Regulations<\/a><a href=\"https:\/\/www.dgroute.com\/en\/iletisim.html\">.<\/a><\/p>\n","protected":false},"excerpt":{"rendered":"<p>A non-Turkish company cannot register substances under KKDIK (T-REACH). But they can appoint an Only Representative who\u00a0is\u00a0legally responsible for ensuring\u00a0its non-Turkish companies substances are compliant with KKDIK. The appointment of an Only Representative has many advantages for the non-Turkish manufacturer: \u200b \u200b Turkish REACH Regulation For&nbsp;substances the Only Representative will&nbsp;make, subject to certain conditions being [&hellip;]<\/p>\n","protected":false},"author":1,"featured_media":0,"parent":0,"menu_order":0,"comment_status":"closed","ping_status":"closed","template":"attachment.php","meta":{"_mi_skip_tracking":false,"_monsterinsights_sitenote_active":false,"_monsterinsights_sitenote_note":"","_monsterinsights_sitenote_category":0,"footnotes":""},"yoast_head":"<!-- This site is optimized with the Yoast SEO plugin v21.5 - https:\/\/yoast.com\/wordpress\/plugins\/seo\/ -->\n<title>KKDIK (T-REACH). You can contact us for Only Representative Services<\/title>\n<meta name=\"description\" content=\"KKDIK (T-REACH) addresses the use and production of chemical substances, and their potential impacts on both the environment and human health.\" \/>\n<meta name=\"robots\" content=\"index, follow, max-snippet:-1, max-image-preview:large, max-video-preview:-1\" \/>\n<link rel=\"canonical\" href=\"https:\/\/www.kkdikturkey.com\/index.php\/kkdik-t-reach\/\" \/>\n<meta property=\"og:locale\" content=\"tr_TR\" \/>\n<meta property=\"og:type\" content=\"article\" \/>\n<meta property=\"og:title\" content=\"KKDIK (T-REACH). You can contact us for Only Representative Services\" \/>\n<meta property=\"og:description\" content=\"KKDIK (T-REACH) addresses the use and production of chemical substances, and their potential impacts on both the environment and human health.\" \/>\n<meta property=\"og:url\" content=\"https:\/\/www.kkdikturkey.com\/index.php\/kkdik-t-reach\/\" \/>\n<meta property=\"og:site_name\" content=\"TURKISH REACH - KKDIK\" \/>\n<meta property=\"article:modified_time\" content=\"2025-02-15T14:27:48+00:00\" \/>\n<meta property=\"og:image\" content=\"https:\/\/www.kkdikturkey.com\/wp-content\/uploads\/2020\/04\/kkdik-logo.png\" \/>\n<meta name=\"twitter:card\" content=\"summary_large_image\" \/>\n<meta name=\"twitter:label1\" content=\"Tahmini okuma s\u00fcresi\" \/>\n\t<meta name=\"twitter:data1\" content=\"3 dakika\" \/>\n<script type=\"application\/ld+json\" class=\"yoast-schema-graph\">{\"@context\":\"https:\/\/schema.org\",\"@graph\":[{\"@type\":\"WebPage\",\"@id\":\"https:\/\/www.kkdikturkey.com\/index.php\/kkdik-t-reach\/\",\"url\":\"https:\/\/www.kkdikturkey.com\/index.php\/kkdik-t-reach\/\",\"name\":\"KKDIK (T-REACH). You can contact us for Only Representative Services\",\"isPartOf\":{\"@id\":\"https:\/\/www.kkdikturkey.com\/#website\"},\"datePublished\":\"2019-09-10T22:18:01+00:00\",\"dateModified\":\"2025-02-15T14:27:48+00:00\",\"description\":\"KKDIK (T-REACH) addresses the use and production of chemical substances, and their potential impacts on both the environment and human health.\",\"breadcrumb\":{\"@id\":\"https:\/\/www.kkdikturkey.com\/index.php\/kkdik-t-reach\/#breadcrumb\"},\"inLanguage\":\"tr\",\"potentialAction\":[{\"@type\":\"ReadAction\",\"target\":[\"https:\/\/www.kkdikturkey.com\/index.php\/kkdik-t-reach\/\"]}]},{\"@type\":\"BreadcrumbList\",\"@id\":\"https:\/\/www.kkdikturkey.com\/index.php\/kkdik-t-reach\/#breadcrumb\",\"itemListElement\":[{\"@type\":\"ListItem\",\"position\":1,\"name\":\"Ana sayfa\",\"item\":\"https:\/\/www.kkdikturkey.com\/\"},{\"@type\":\"ListItem\",\"position\":2,\"name\":\"KKDIK (T-REACH) Only Representative Services\"}]},{\"@type\":\"WebSite\",\"@id\":\"https:\/\/www.kkdikturkey.com\/#website\",\"url\":\"https:\/\/www.kkdikturkey.com\/\",\"name\":\"TURKISH REACH - KKDIK\",\"description\":\"KKDIK Only Representative Turkey, Turkish REACH Regulation Services, KKDIK pre registration, pre-sief\",\"publisher\":{\"@id\":\"https:\/\/www.kkdikturkey.com\/#organization\"},\"potentialAction\":[{\"@type\":\"SearchAction\",\"target\":{\"@type\":\"EntryPoint\",\"urlTemplate\":\"https:\/\/www.kkdikturkey.com\/?s={search_term_string}\"},\"query-input\":\"required name=search_term_string\"}],\"inLanguage\":\"tr\"},{\"@type\":\"Organization\",\"@id\":\"https:\/\/www.kkdikturkey.com\/#organization\",\"name\":\"ROUTE YAZILIM ve DANI\u015eMANLIK SAN VE T\u0130C. LTD. \u015eT\u0130.\",\"url\":\"https:\/\/www.kkdikturkey.com\/\",\"logo\":{\"@type\":\"ImageObject\",\"inLanguage\":\"tr\",\"@id\":\"https:\/\/www.kkdikturkey.com\/#\/schema\/logo\/image\/\",\"url\":\"https:\/\/www.kkdikturkey.com\/wp-content\/uploads\/2019\/09\/logokare.jpg\",\"contentUrl\":\"https:\/\/www.kkdikturkey.com\/wp-content\/uploads\/2019\/09\/logokare.jpg\",\"width\":1181,\"height\":1181,\"caption\":\"ROUTE YAZILIM ve DANI\u015eMANLIK SAN VE T\u0130C. LTD. \u015eT\u0130.\"},\"image\":{\"@id\":\"https:\/\/www.kkdikturkey.com\/#\/schema\/logo\/image\/\"}}]}<\/script>\n<!-- \/ Yoast SEO plugin. -->","yoast_head_json":{"title":"KKDIK (T-REACH). You can contact us for Only Representative Services","description":"KKDIK (T-REACH) addresses the use and production of chemical substances, and their potential impacts on both the environment and human health.","robots":{"index":"index","follow":"follow","max-snippet":"max-snippet:-1","max-image-preview":"max-image-preview:large","max-video-preview":"max-video-preview:-1"},"canonical":"https:\/\/www.kkdikturkey.com\/index.php\/kkdik-t-reach\/","og_locale":"tr_TR","og_type":"article","og_title":"KKDIK (T-REACH). You can contact us for Only Representative Services","og_description":"KKDIK (T-REACH) addresses the use and production of chemical substances, and their potential impacts on both the environment and human health.","og_url":"https:\/\/www.kkdikturkey.com\/index.php\/kkdik-t-reach\/","og_site_name":"TURKISH REACH - KKDIK","article_modified_time":"2025-02-15T14:27:48+00:00","og_image":[{"url":"https:\/\/www.kkdikturkey.com\/wp-content\/uploads\/2020\/04\/kkdik-logo.png"}],"twitter_card":"summary_large_image","twitter_misc":{"Tahmini okuma s\u00fcresi":"3 dakika"},"schema":{"@context":"https:\/\/schema.org","@graph":[{"@type":"WebPage","@id":"https:\/\/www.kkdikturkey.com\/index.php\/kkdik-t-reach\/","url":"https:\/\/www.kkdikturkey.com\/index.php\/kkdik-t-reach\/","name":"KKDIK (T-REACH). You can contact us for Only Representative Services","isPartOf":{"@id":"https:\/\/www.kkdikturkey.com\/#website"},"datePublished":"2019-09-10T22:18:01+00:00","dateModified":"2025-02-15T14:27:48+00:00","description":"KKDIK (T-REACH) addresses the use and production of chemical substances, and their potential impacts on both the environment and human health.","breadcrumb":{"@id":"https:\/\/www.kkdikturkey.com\/index.php\/kkdik-t-reach\/#breadcrumb"},"inLanguage":"tr","potentialAction":[{"@type":"ReadAction","target":["https:\/\/www.kkdikturkey.com\/index.php\/kkdik-t-reach\/"]}]},{"@type":"BreadcrumbList","@id":"https:\/\/www.kkdikturkey.com\/index.php\/kkdik-t-reach\/#breadcrumb","itemListElement":[{"@type":"ListItem","position":1,"name":"Ana sayfa","item":"https:\/\/www.kkdikturkey.com\/"},{"@type":"ListItem","position":2,"name":"KKDIK (T-REACH) Only Representative Services"}]},{"@type":"WebSite","@id":"https:\/\/www.kkdikturkey.com\/#website","url":"https:\/\/www.kkdikturkey.com\/","name":"TURKISH REACH - KKDIK","description":"KKDIK Only Representative Turkey, Turkish REACH Regulation Services, KKDIK pre registration, pre-sief","publisher":{"@id":"https:\/\/www.kkdikturkey.com\/#organization"},"potentialAction":[{"@type":"SearchAction","target":{"@type":"EntryPoint","urlTemplate":"https:\/\/www.kkdikturkey.com\/?s={search_term_string}"},"query-input":"required name=search_term_string"}],"inLanguage":"tr"},{"@type":"Organization","@id":"https:\/\/www.kkdikturkey.com\/#organization","name":"ROUTE YAZILIM ve DANI\u015eMANLIK SAN VE T\u0130C. LTD. \u015eT\u0130.","url":"https:\/\/www.kkdikturkey.com\/","logo":{"@type":"ImageObject","inLanguage":"tr","@id":"https:\/\/www.kkdikturkey.com\/#\/schema\/logo\/image\/","url":"https:\/\/www.kkdikturkey.com\/wp-content\/uploads\/2019\/09\/logokare.jpg","contentUrl":"https:\/\/www.kkdikturkey.com\/wp-content\/uploads\/2019\/09\/logokare.jpg","width":1181,"height":1181,"caption":"ROUTE YAZILIM ve DANI\u015eMANLIK SAN VE T\u0130C. LTD. \u015eT\u0130."},"image":{"@id":"https:\/\/www.kkdikturkey.com\/#\/schema\/logo\/image\/"}}]}},"_links":{"self":[{"href":"https:\/\/www.kkdikturkey.com\/index.php\/wp-json\/wp\/v2\/pages\/59"}],"collection":[{"href":"https:\/\/www.kkdikturkey.com\/index.php\/wp-json\/wp\/v2\/pages"}],"about":[{"href":"https:\/\/www.kkdikturkey.com\/index.php\/wp-json\/wp\/v2\/types\/page"}],"author":[{"embeddable":true,"href":"https:\/\/www.kkdikturkey.com\/index.php\/wp-json\/wp\/v2\/users\/1"}],"replies":[{"embeddable":true,"href":"https:\/\/www.kkdikturkey.com\/index.php\/wp-json\/wp\/v2\/comments?post=59"}],"version-history":[{"count":12,"href":"https:\/\/www.kkdikturkey.com\/index.php\/wp-json\/wp\/v2\/pages\/59\/revisions"}],"predecessor-version":[{"id":435,"href":"https:\/\/www.kkdikturkey.com\/index.php\/wp-json\/wp\/v2\/pages\/59\/revisions\/435"}],"wp:attachment":[{"href":"https:\/\/www.kkdikturkey.com\/index.php\/wp-json\/wp\/v2\/media?parent=59"}],"curies":[{"name":"wp","href":"https:\/\/api.w.org\/{rel}","templated":true}]}}